{"id":276,"date":"2021-06-29T01:49:14","date_gmt":"2021-06-29T01:49:14","guid":{"rendered":"http:\/\/shopchothue.com\/?page_id=276"},"modified":"2022-03-30T04:46:23","modified_gmt":"2022-03-30T04:46:23","slug":"gioi-thieu","status":"publish","type":"page","link":"http:\/\/shopchothue.com\/?page_id=276","title":{"rendered":"Gi\u1edbi thi\u1ec7u"},"content":{"rendered":"  <div id=\"page-header-1266942630\" class=\"page-header-wrapper\">\n  <div class=\"page-title dv-block-header dark featured-title\">\n\n        <div class=\"page-title-bg\">\n      <div class=\"title-bg fill bg-fill\"\n        data-parallax-container=\".page-title\"\n        data-parallax-background\n        data-parallax=\"-\">\n      <\/div>\n      <div class=\"title-overlay fill\"><\/div>\n    <\/div>\n    \n    <div class=\"page-title-inner container align-center text-center flex-row-col medium-flex-wrap\" >\n              <div class=\"title-wrapper flex-col\">\n          <h1 class=\"entry-title mb-0\">\n            Gi\u1edbi thi\u1ec7u          <\/h1>\n        <\/div>\n                    <div class=\"title-content flex-col\">\n        <div class=\"title-breadcrumbs pb-half pt-half\"><nav class=\"woocommerce-breadcrumb breadcrumbs \">Trang ch\u1ee7<\/nav><\/div>      <\/div>\n    <\/div>\n\n     \n<style>\n#page-header-1266942630 .page-title-inner {\n  min-height: 200px;\n}\n#page-header-1266942630 .title-bg {\n  background-image: url(http:\/\/shopchothue.com\/wp-content\/uploads\/2021\/07\/cate-1.jpg);\n  background-position: 52% 52%;\n}\n<\/style>\n  <\/div>\n    <\/div>\n  \n<div class=\"row dv-content-child\"  id=\"row-134759409\">\n\n\t<div id=\"col-1849212726\" class=\"col medium-9 small-12 large-9\"  >\n\t\t<div class=\"col-inner\"  >\n\t\t\t\n\t\t\t\n<div class=\"text showText\">\n<h3 class=\"media-heading\">C\u00f4ng ty TNHH Trang ph\u1ee5c NT<\/h3>\n<div>\n<p><strong>C\u00f4ng ty TNHH Trang ph\u1ee5c NT\u00a0<\/strong>chuy\u00ean cho thu\u00ea trang ph\u1ee5c bi\u1ec3u di\u1ec5n v\u00e0 \u0111\u1ea1o c\u1ee5 c\u00e1c lo\u1ea1i. \u0110\u1ebfn v\u1edbi C\u00f4ng ty TNHH Trang ph\u1ee5c NT, \u0111\u1ea3m b\u1ea3o c\u00e1c b\u1ea1n s\u1ebd ti\u1ebft ki\u1ec7m \u0111\u01b0\u1ee3c chi ph\u00ed \u0111\u1ea7u t\u01b0 c\u0169ng nh\u01b0 th\u1eddi gian chu\u1ea9n b\u1ecb cho trang ph\u1ee5c, c\u00e1c \u0111\u1ea1o c\u1ee5 li\u00ean quan, c\u0169ng nh\u01b0 \u0111\u01b0\u1ee3c nhi\u1ec1u \u01b0u \u0111\u00e3i h\u01a1n. H\u00e3y \u0111\u1ebfn v\u00e0 tr\u1ea3i nghi\u1ec7m nh\u1eefng d\u1ecbch v\u1ee5 tuy\u1ec7t v\u1eddi t\u1ea1i \u0111\u00e2y nh\u00e9!<strong><br \/>\n<\/strong><\/p>\n<p><strong>M\u1ed9t s\u1ed1 lo\u1ea1i trang ph\u1ee5c bi\u1ec3u di\u1ec5n \u0111\u01b0\u1ee3c cho thu\u00ea:<\/strong><strong><br \/>\n<\/strong><\/p>\n<ul>\n<li>Trang ph\u1ee5c truy\u1ec1n th\u1ed1ng Vi\u1ec7t Nam<\/li>\n<li>Trang ph\u1ee5c c\u00e1c d\u00e2n t\u1ed9c Vi\u1ec7t: H\u2019M\u00f4ng, T\u00e2y nguy\u00ean, Th\u00e1i, T\u00e0y,\u2026<\/li>\n<li>Trang ph\u1ee5c m\u00faa sen, m\u00faa L\u1ea1c H\u1ed3ng, v\u00e1y m\u00faa, h\u1ea3i qu\u00e2n, b\u1ed9 \u0111\u1ed9i,\u2026<\/li>\n<li>Trang ph\u1ee5c truy\u1ec1n th\u1ed1ng c\u00e1c n\u01b0\u1edbc: Nh\u1eadt, H\u00e0n Qu\u1ed1c, Th\u00e1i Lan, Trung Qu\u1ed1c, Campuchia, Hy L\u1ea1p, Ai C\u1eadp, Nga, Anh,\u2026<\/li>\n<li>Trang ph\u1ee5c c\u1ed5 trang<\/li>\n<li>V\u00e1y m\u00faa Ballet, Belly Dance,&#8230;<\/li>\n<li>Trang ph\u1ee5c h\u00f3a trang, Cosplay, c\u1ed5 v\u0169 &#8211; c\u1ed5 \u0111\u1ed9ng,&#8230;<\/li>\n<li>Trang s\u1ee9c v\u00e0 t\u00f3c gi\u1ea3<\/li>\n<li>\u0110\u1ea1o c\u1ee5 v\u00e0 ph\u1ee5 ki\u1ec7n<\/li>\n<li><img loading=\"lazy\" class=\"alignnone size-medium wp-image-1429\" src=\"http:\/\/shopchothue.com\/wp-content\/uploads\/2022\/03\/fd422904ce883ed66799-1-533x400.jpg\" alt=\"\" width=\"533\" height=\"400\" srcset=\"http:\/\/shopchothue.com\/wp-content\/uploads\/2022\/03\/fd422904ce883ed66799-1-533x400.jpg 533w, http:\/\/shopchothue.com\/wp-content\/uploads\/2022\/03\/fd422904ce883ed66799-1-1067x800.jpg 1067w, http:\/\/shopchothue.com\/wp-content\/uploads\/2022\/03\/fd422904ce883ed66799-1-768x576.jpg 768w, http:\/\/shopchothue.com\/wp-content\/uploads\/2022\/03\/fd422904ce883ed66799-1-1536x1152.jpg 1536w, http:\/\/shopchothue.com\/wp-content\/uploads\/2022\/03\/fd422904ce883ed66799-1-510x383.jpg 510w, http:\/\/shopchothue.com\/wp-content\/uploads\/2022\/03\/fd422904ce883ed66799-1.jpg 2048w\" sizes=\"(max-width: 533px) 100vw, 533px\" \/><\/li>\n<\/ul>\n<p><strong>\u01afu \u0111i\u1ec3m n\u1ed5i b\u1eadt:<\/strong><strong><br \/>\n<\/strong><\/p>\n<ul>\n<li>Th\u1eddi gian thu\u00ea \u0111\u01b0\u1ee3c h\u1ed7 tr\u1ee3 nhi\u1ec1u ng\u00e0y h\u01a1n, thu\u00ea 3 ng\u00e0y thanh to\u00e1n ch\u1ec9 1 ng\u00e0y (\u0111\u1ed1i v\u1edbi g\u00f3i 3 ng\u00e0y)<\/li>\n<li>Gi\u1ea3m gi\u00e1 cho kh\u00e1ch h\u00e0ng th\u00e2n thi\u1ebft khi thu\u00ea hay mua v\u1edbi s\u1ed1 l\u01b0\u1ee3ng nhi\u1ec1u<\/li>\n<li>Lu\u00f4n c\u00f3 c\u00e1c trang ph\u1ee5c m\u1edbi<\/li>\n<li>Trang ph\u1ee5c lu\u00f4n \u0111\u01b0\u1ee3c gi\u1eb7t s\u1ea1ch s\u1ebd v\u00e0 \u0111\u01b0\u1ee3c th\u1eed tr\u01b0\u1edbc<\/li>\n<li>Gi\u00e1 c\u1ea3 h\u1ee3p l\u00fd<\/li>\n<\/ul>\n<p><strong><u>M\u1eccI CHI TI\u1ebeT XIN LI\u00caN H\u1ec6:<\/u><\/strong><\/p>\n<p><strong>\u0110\u1ecba ch\u1ec9:<\/strong> 116\/37 Thi\u00ean Ph\u01b0\u1edbc, Ph\u01b0\u1eddng 9, T\u00e2n B\u00ecnh, TPHCM<br \/>\n<strong>\u0110i\u1ec7n tho\u1ea1i:<\/strong>\u00a00798 296 676<br \/>\n<strong>Website:\u00a0<\/strong>shopchothue.com<\/p>\n<p><strong>Email:\u00a0<\/strong>chothuetrangphucnt@gmail.com<\/p>\n<p><strong>Fanpage:<\/strong> facebook.com\/Thu\u00ea trang ph\u1ee5c \u0111\u1eb9p gi\u00e1 r\u1ebb<\/p>\n<\/div>\n<\/div>\n\t\t<\/div>\n\t\t\t<\/div>\n\n\t\n\n\t<div id=\"col-1073930593\" class=\"col medium-3 small-12 large-3\"  >\n\t\t<div class=\"col-inner\"  >\n\t\t\t\n\t\t\t\n<ul class=\"sidebar-wrapper ul-reset widgets-framed\"><aside id=\"block-3\" class=\"widget widget_block\"><\/aside><aside id=\"block-2\" class=\"widget widget_block\"><\/aside><aside id=\"woocommerce_product_categories-14\" class=\"widget woocommerce widget_product_categories\"><span class=\"widget-title \"><span>Danh m\u1ee5c s\u1ea3n ph\u1ea9m<\/span><\/span><div class=\"is-divider small\"><\/div><ul class=\"product-categories\"><li class=\"cat-item cat-item-60 cat-parent\"><a href=\"http:\/\/shopchothue.com\/?product_cat=ao-dai\">\u00c1o d\u00e0i<\/a><ul class='children'>\n<li class=\"cat-item cat-item-63\"><a href=\"http:\/\/shopchothue.com\/?product_cat=ao-dai-cap\">\u00c1o D\u00e0i C\u1eb7p<\/a><\/li>\n<li class=\"cat-item cat-item-62\"><a href=\"http:\/\/shopchothue.com\/?product_cat=ao-dai-nam\">\u00c1o d\u00e0i nam<\/a><\/li>\n<li class=\"cat-item cat-item-61\"><a href=\"http:\/\/shopchothue.com\/?product_cat=ao-dai-nu\">\u00c1o d\u00e0i n\u1eef<\/a><\/li>\n<li class=\"cat-item cat-item-64\"><a href=\"http:\/\/shopchothue.com\/?product_cat=ao-dai-tre-em\">\u00c1o D\u00e0i Tr\u1ebb Em<\/a><\/li>\n<\/ul>\n<\/li>\n<li class=\"cat-item cat-item-59\"><a href=\"http:\/\/shopchothue.com\/?product_cat=ba-ba\">B\u00e0 ba<\/a><\/li>\n<li class=\"cat-item cat-item-71\"><a href=\"http:\/\/shopchothue.com\/?product_cat=bo-doi-hai-quan-linh-phap-my\">B\u1ed9 \u0110\u1ed9i-H\u1ea3i Qu\u00e2n-L\u00ednh Ph\u00e1p, M\u1ef9<\/a><\/li>\n<li class=\"cat-item cat-item-67\"><a href=\"http:\/\/shopchothue.com\/?product_cat=dao-cu-phu-kien\">\u0110\u1ea1o C\u1ee5 - Ph\u1ee5 Ki\u1ec7n<\/a><\/li>\n<li class=\"cat-item cat-item-56\"><a href=\"http:\/\/shopchothue.com\/?product_cat=hoa-trang\">Ho\u00e1 trang-Halloween<\/a><\/li>\n<li class=\"cat-item cat-item-26\"><a href=\"http:\/\/shopchothue.com\/?product_cat=phu-kien\">M\u1ed9t s\u1ed1 ph\u1ee5 ki\u1ec7n kh\u00e1c<\/a><\/li>\n<li class=\"cat-item cat-item-165 cat-parent\"><a href=\"http:\/\/shopchothue.com\/?product_cat=noel\">Noel<\/a><ul class='children'>\n<li class=\"cat-item cat-item-166\"><a href=\"http:\/\/shopchothue.com\/?product_cat=noel-noel\">Noel<\/a><\/li>\n<\/ul>\n<\/li>\n<li class=\"cat-item cat-item-65\"><a href=\"http:\/\/shopchothue.com\/?product_cat=au-lac\">Trang Ph\u1ee5c \u00c2u l\u1ea1c<\/a><\/li>\n<li class=\"cat-item cat-item-68\"><a href=\"http:\/\/shopchothue.com\/?product_cat=trang-phuc-cac-nuoc\">Trang Ph\u1ee5c C\u00e1c N\u01b0\u1edbc<\/a><\/li>\n<li class=\"cat-item cat-item-58 cat-parent\"><a href=\"http:\/\/shopchothue.com\/?product_cat=trang-phuc-co-trang\">Trang Ph\u1ee5c C\u1ed5 Trang<\/a><ul class='children'>\n<li class=\"cat-item cat-item-73\"><a href=\"http:\/\/shopchothue.com\/?product_cat=co-trang-viet-nam\">C\u1ed5 Trang Vi\u1ec7t Nam<\/a><\/li>\n<\/ul>\n<\/li>\n<li class=\"cat-item cat-item-72\"><a href=\"http:\/\/shopchothue.com\/?product_cat=trang-phuc-dan-toc\">Trang Ph\u1ee5c D\u00e2n T\u1ed9c<\/a><\/li>\n<li class=\"cat-item cat-item-57\"><a href=\"http:\/\/shopchothue.com\/?product_cat=tu-than\">T\u1ee9 th\u00e2n<\/a><\/li>\n<li class=\"cat-item cat-item-66\"><a href=\"http:\/\/shopchothue.com\/?product_cat=vay-bong\">V\u00e1y b\u1ed3ng - V\u00e1y M\u00faa - C\u1ed5 V\u0169<\/a><\/li>\n<\/ul><\/aside>\n\t\t<aside id=\"recent-posts-2\" class=\"widget widget_recent_entries\">\n\t\t<span class=\"widget-title \"><span>B\u00e0i vi\u1ebft m\u1edbi<\/span><\/span><div class=\"is-divider small\"><\/div>\n\t\t<ul>\n\t\t\t\t\t\t\t\t\t\t\t<li>\n\t\t\t\t\t<a href=\"http:\/\/shopchothue.com\/?p=6594\">Tea Leaf Twist Gaming House: The Gateway to Premium Playing Excellence<\/a>\n\t\t\t\t\t\t\t\t\t\t\t<span class=\"post-date\">13\/02\/2026<\/span>\n\t\t\t\t\t\t\t\t\t<\/li>\n\t\t\t\t\t\t\t\t\t\t\t<li>\n\t\t\t\t\t<a href=\"http:\/\/shopchothue.com\/?p=6592\">Get Lucky Casino: Jouw Bestemming voor Premium Online Entertainment<\/a>\n\t\t\t\t\t\t\t\t\t\t\t<span class=\"post-date\">13\/02\/2026<\/span>\n\t\t\t\t\t\t\t\t\t<\/li>\n\t\t\t\t\t\t\t\t\t\t\t<li>\n\t\t\t\t\t<a href=\"http:\/\/shopchothue.com\/?p=6590\">Conmemora la Costumbre del 6 de Enero en #casinobrand#<\/a>\n\t\t\t\t\t\t\t\t\t\t\t<span class=\"post-date\">13\/02\/2026<\/span>\n\t\t\t\t\t\t\t\t\t<\/li>\n\t\t\t\t\t<\/ul>\n\n\t\t<\/aside><\/ul>\n\t\t<\/div>\n\t\t\t<\/div>\n\n\t\n\n<style>\n#row-134759409 > .col > .col-inner {\n  padding: 30px 0px 0px 0px;\n}\n<\/style>\n<\/div>\n","protected":false},"excerpt":{"rendered":"","protected":false},"author":1,"featured_media":0,"parent":0,"menu_order":0,"comment_status":"closed","ping_status":"closed","template":"","meta":[],"_links":{"self":[{"href":"http:\/\/shopchothue.com\/index.php?rest_route=\/wp\/v2\/pages\/276"}],"collection":[{"href":"http:\/\/shopchothue.com\/index.php?rest_route=\/wp\/v2\/pages"}],"about":[{"href":"http:\/\/shopchothue.com\/index.php?rest_route=\/wp\/v2\/types\/page"}],"author":[{"embeddable":true,"href":"http:\/\/shopchothue.com\/index.php?rest_route=\/wp\/v2\/users\/1"}],"replies":[{"embeddable":true,"href":"http:\/\/shopchothue.com\/index.php?rest_route=%2Fwp%2Fv2%2Fcomments&post=276"}],"version-history":[{"count":7,"href":"http:\/\/shopchothue.com\/index.php?rest_route=\/wp\/v2\/pages\/276\/revisions"}],"predecessor-version":[{"id":1430,"href":"http:\/\/shopchothue.com\/index.php?rest_route=\/wp\/v2\/pages\/276\/revisions\/1430"}],"wp:attachment":[{"href":"http:\/\/shopchothue.com\/index.php?rest_route=%2Fwp%2Fv2%2Fmedia&parent=276"}],"curies":[{"name":"wp","href":"https:\/\/api.w.org\/{rel}","templated":true}]}}