{"id":1017,"date":"2022-03-25T08:40:23","date_gmt":"2022-03-25T08:40:23","guid":{"rendered":"https:\/\/shopchothue.com\/?post_type=product&#038;p=1017"},"modified":"2022-03-28T10:41:25","modified_gmt":"2022-03-28T10:41:25","slug":"au-lac-nam-nu-mam-non","status":"publish","type":"product","link":"http:\/\/shopchothue.com\/?product=au-lac-nam-nu-mam-non","title":{"rendered":"\u00c2u L\u1ea1c Nam &#8211; N\u1eef M\u1ea7m Non"},"content":{"rendered":"<p><img loading=\"lazy\" class=\"alignnone size-medium wp-image-1019\" src=\"http:\/\/shopchothue.com\/wp-content\/uploads\/2022\/03\/MMM2-533x400.jpg\" alt=\"\" width=\"533\" height=\"400\" srcset=\"http:\/\/shopchothue.com\/wp-content\/uploads\/2022\/03\/MMM2-533x400.jpg 533w, http:\/\/shopchothue.com\/wp-content\/uploads\/2022\/03\/MMM2-768x576.jpg 768w, http:\/\/shopchothue.com\/wp-content\/uploads\/2022\/03\/MMM2-510x383.jpg 510w, http:\/\/shopchothue.com\/wp-content\/uploads\/2022\/03\/MMM2.jpg 960w\" sizes=\"(max-width: 533px) 100vw, 533px\" \/><img loading=\"lazy\" class=\"alignnone size-medium wp-image-1018\" src=\"http:\/\/shopchothue.com\/wp-content\/uploads\/2022\/03\/MMMM1-533x400.jpg\" alt=\"\" width=\"533\" height=\"400\" srcset=\"http:\/\/shopchothue.com\/wp-content\/uploads\/2022\/03\/MMMM1-533x400.jpg 533w, http:\/\/shopchothue.com\/wp-content\/uploads\/2022\/03\/MMMM1-768x576.jpg 768w, http:\/\/shopchothue.com\/wp-content\/uploads\/2022\/03\/MMMM1-510x383.jpg 510w, http:\/\/shopchothue.com\/wp-content\/uploads\/2022\/03\/MMMM1.jpg 960w\" sizes=\"(max-width: 533px) 100vw, 533px\" \/><\/p>\n","protected":false},"excerpt":{"rendered":"<p>\u00c2u L\u1ea1c Nam N\u1eef M\u1ea7m Non<\/p>\n<p>qu\u1ea7n, \u00e1o, \u0111ai, m\u00e3o<\/p>\n<p>gi\u00e1 thu\u00ea 60k<\/p>\n","protected":false},"featured_media":1223,"template":"","meta":[],"product_cat":[65],"product_tag":[],"_links":{"self":[{"href":"http:\/\/shopchothue.com\/index.php?rest_route=\/wp\/v2\/product\/1017"}],"collection":[{"href":"http:\/\/shopchothue.com\/index.php?rest_route=\/wp\/v2\/product"}],"about":[{"href":"http:\/\/shopchothue.com\/index.php?rest_route=\/wp\/v2\/types\/product"}],"wp:featuredmedia":[{"embeddable":true,"href":"http:\/\/shopchothue.com\/index.php?rest_route=\/wp\/v2\/media\/1223"}],"wp:attachment":[{"href":"http:\/\/shopchothue.com\/index.php?rest_route=%2Fwp%2Fv2%2Fmedia&parent=1017"}],"wp:term":[{"taxonomy":"product_cat","embeddable":true,"href":"http:\/\/shopchothue.com\/index.php?rest_route=%2Fwp%2Fv2%2Fproduct_cat&post=1017"},{"taxonomy":"product_tag","embeddable":true,"href":"http:\/\/shopchothue.com\/index.php?rest_route=%2Fwp%2Fv2%2Fproduct_tag&post=1017"}],"curies":[{"name":"wp","href":"https:\/\/api.w.org\/{rel}","templated":true}]}}