{"id":1037,"date":"2022-03-25T08:54:04","date_gmt":"2022-03-25T08:54:04","guid":{"rendered":"https:\/\/shopchothue.com\/?post_type=product&#038;p=1037"},"modified":"2022-03-25T08:54:05","modified_gmt":"2022-03-25T08:54:05","slug":"ao-dai-nam-cach-tan-2","status":"publish","type":"product","link":"http:\/\/shopchothue.com\/?product=ao-dai-nam-cach-tan-2","title":{"rendered":"\u00c1o D\u00e0i Nam C\u00e1ch T\u00e2n 2"},"content":{"rendered":"<p><img loading=\"lazy\" class=\"alignnone size-medium wp-image-1039\" src=\"http:\/\/shopchothue.com\/wp-content\/uploads\/2022\/03\/6f827f201fdfd2818bce-266x400.jpg\" alt=\"\" width=\"266\" height=\"400\" srcset=\"http:\/\/shopchothue.com\/wp-content\/uploads\/2022\/03\/6f827f201fdfd2818bce-266x400.jpg 266w, http:\/\/shopchothue.com\/wp-content\/uploads\/2022\/03\/6f827f201fdfd2818bce-532x800.jpg 532w, http:\/\/shopchothue.com\/wp-content\/uploads\/2022\/03\/6f827f201fdfd2818bce-768x1155.jpg 768w, http:\/\/shopchothue.com\/wp-content\/uploads\/2022\/03\/6f827f201fdfd2818bce-1021x1536.jpg 1021w, http:\/\/shopchothue.com\/wp-content\/uploads\/2022\/03\/6f827f201fdfd2818bce-1362x2048.jpg 1362w, http:\/\/shopchothue.com\/wp-content\/uploads\/2022\/03\/6f827f201fdfd2818bce-510x767.jpg 510w, http:\/\/shopchothue.com\/wp-content\/uploads\/2022\/03\/6f827f201fdfd2818bce.jpg 1702w\" sizes=\"(max-width: 266px) 100vw, 266px\" \/><\/p>\n","protected":false},"excerpt":{"rendered":"<p>\u00c1o d\u00e0i nam c\u00e1ch t\u00e2n<\/p>\n<p>120k\/ \u00e1o free size<\/p>\n","protected":false},"featured_media":1039,"template":"","meta":[],"product_cat":[60,62],"product_tag":[],"_links":{"self":[{"href":"http:\/\/shopchothue.com\/index.php?rest_route=\/wp\/v2\/product\/1037"}],"collection":[{"href":"http:\/\/shopchothue.com\/index.php?rest_route=\/wp\/v2\/product"}],"about":[{"href":"http:\/\/shopchothue.com\/index.php?rest_route=\/wp\/v2\/types\/product"}],"wp:featuredmedia":[{"embeddable":true,"href":"http:\/\/shopchothue.com\/index.php?rest_route=\/wp\/v2\/media\/1039"}],"wp:attachment":[{"href":"http:\/\/shopchothue.com\/index.php?rest_route=%2Fwp%2Fv2%2Fmedia&parent=1037"}],"wp:term":[{"taxonomy":"product_cat","embeddable":true,"href":"http:\/\/shopchothue.com\/index.php?rest_route=%2Fwp%2Fv2%2Fproduct_cat&post=1037"},{"taxonomy":"product_tag","embeddable":true,"href":"http:\/\/shopchothue.com\/index.php?rest_route=%2Fwp%2Fv2%2Fproduct_tag&post=1037"}],"curies":[{"name":"wp","href":"https:\/\/api.w.org\/{rel}","templated":true}]}}