{"id":1042,"date":"2022-03-25T08:56:56","date_gmt":"2022-03-25T08:56:56","guid":{"rendered":"https:\/\/shopchothue.com\/?post_type=product&#038;p=1042"},"modified":"2022-03-25T08:56:56","modified_gmt":"2022-03-25T08:56:56","slug":"ao-dai-nam-cach-tan-4","status":"publish","type":"product","link":"http:\/\/shopchothue.com\/?product=ao-dai-nam-cach-tan-4","title":{"rendered":"\u00c1o D\u00e0i Nam C\u00e1ch T\u00e2n 4"},"content":{"rendered":"<p><img loading=\"lazy\" class=\"alignnone size-medium wp-image-1043\" src=\"http:\/\/shopchothue.com\/wp-content\/uploads\/2022\/03\/27b4add2cc2d0173583c-602x400.jpg\" alt=\"\" width=\"602\" height=\"400\" srcset=\"http:\/\/shopchothue.com\/wp-content\/uploads\/2022\/03\/27b4add2cc2d0173583c-602x400.jpg 602w, http:\/\/shopchothue.com\/wp-content\/uploads\/2022\/03\/27b4add2cc2d0173583c-1203x800.jpg 1203w, http:\/\/shopchothue.com\/wp-content\/uploads\/2022\/03\/27b4add2cc2d0173583c-768x511.jpg 768w, http:\/\/shopchothue.com\/wp-content\/uploads\/2022\/03\/27b4add2cc2d0173583c-1536x1021.jpg 1536w, http:\/\/shopchothue.com\/wp-content\/uploads\/2022\/03\/27b4add2cc2d0173583c-2048x1362.jpg 2048w, http:\/\/shopchothue.com\/wp-content\/uploads\/2022\/03\/27b4add2cc2d0173583c-510x339.jpg 510w\" sizes=\"(max-width: 602px) 100vw, 602px\" \/><\/p>\n","protected":false},"excerpt":{"rendered":"<p>\u00c1o d\u00e0i nam c\u00e1ch t\u00e2n<\/p>\n<p>120k\/ \u00e1o free size<\/p>\n","protected":false},"featured_media":1043,"template":"","meta":[],"product_cat":[60,62],"product_tag":[],"_links":{"self":[{"href":"http:\/\/shopchothue.com\/index.php?rest_route=\/wp\/v2\/product\/1042"}],"collection":[{"href":"http:\/\/shopchothue.com\/index.php?rest_route=\/wp\/v2\/product"}],"about":[{"href":"http:\/\/shopchothue.com\/index.php?rest_route=\/wp\/v2\/types\/product"}],"wp:featuredmedia":[{"embeddable":true,"href":"http:\/\/shopchothue.com\/index.php?rest_route=\/wp\/v2\/media\/1043"}],"wp:attachment":[{"href":"http:\/\/shopchothue.com\/index.php?rest_route=%2Fwp%2Fv2%2Fmedia&parent=1042"}],"wp:term":[{"taxonomy":"product_cat","embeddable":true,"href":"http:\/\/shopchothue.com\/index.php?rest_route=%2Fwp%2Fv2%2Fproduct_cat&post=1042"},{"taxonomy":"product_tag","embeddable":true,"href":"http:\/\/shopchothue.com\/index.php?rest_route=%2Fwp%2Fv2%2Fproduct_tag&post=1042"}],"curies":[{"name":"wp","href":"https:\/\/api.w.org\/{rel}","templated":true}]}}