{"id":1064,"date":"2022-03-25T09:24:20","date_gmt":"2022-03-25T09:24:20","guid":{"rendered":"https:\/\/shopchothue.com\/?post_type=product&#038;p=1064"},"modified":"2022-03-25T09:24:20","modified_gmt":"2022-03-25T09:24:20","slug":"vay-bong-hien-dai-4","status":"publish","type":"product","link":"http:\/\/shopchothue.com\/?product=vay-bong-hien-dai-4","title":{"rendered":"V\u00e1y B\u1ed3ng &#8211; Hi\u1ec7n \u0110\u1ea1i 4"},"content":{"rendered":"<p><img loading=\"lazy\" class=\"alignnone size-medium wp-image-1066\" src=\"http:\/\/shopchothue.com\/wp-content\/uploads\/2022\/03\/122256625_1642633745915373_6349246706699325996_n-300x400.jpg\" alt=\"\" width=\"300\" height=\"400\" srcset=\"http:\/\/shopchothue.com\/wp-content\/uploads\/2022\/03\/122256625_1642633745915373_6349246706699325996_n-300x400.jpg 300w, http:\/\/shopchothue.com\/wp-content\/uploads\/2022\/03\/122256625_1642633745915373_6349246706699325996_n-600x800.jpg 600w, http:\/\/shopchothue.com\/wp-content\/uploads\/2022\/03\/122256625_1642633745915373_6349246706699325996_n-510x680.jpg 510w, http:\/\/shopchothue.com\/wp-content\/uploads\/2022\/03\/122256625_1642633745915373_6349246706699325996_n.jpg 720w\" sizes=\"(max-width: 300px) 100vw, 300px\" \/><\/p>\n","protected":false},"excerpt":{"rendered":"<p>B\u1ed9 nh\u1ea3y hi\u1ec7n \u0111\u1ea1i<\/p>\n<p>v\u00e1y, \u00e1o, v\u00f2ng tay<\/p>\n","protected":false},"featured_media":1066,"template":"","meta":[],"product_cat":[66],"product_tag":[],"_links":{"self":[{"href":"http:\/\/shopchothue.com\/index.php?rest_route=\/wp\/v2\/product\/1064"}],"collection":[{"href":"http:\/\/shopchothue.com\/index.php?rest_route=\/wp\/v2\/product"}],"about":[{"href":"http:\/\/shopchothue.com\/index.php?rest_route=\/wp\/v2\/types\/product"}],"wp:featuredmedia":[{"embeddable":true,"href":"http:\/\/shopchothue.com\/index.php?rest_route=\/wp\/v2\/media\/1066"}],"wp:attachment":[{"href":"http:\/\/shopchothue.com\/index.php?rest_route=%2Fwp%2Fv2%2Fmedia&parent=1064"}],"wp:term":[{"taxonomy":"product_cat","embeddable":true,"href":"http:\/\/shopchothue.com\/index.php?rest_route=%2Fwp%2Fv2%2Fproduct_cat&post=1064"},{"taxonomy":"product_tag","embeddable":true,"href":"http:\/\/shopchothue.com\/index.php?rest_route=%2Fwp%2Fv2%2Fproduct_tag&post=1064"}],"curies":[{"name":"wp","href":"https:\/\/api.w.org\/{rel}","templated":true}]}}