{"id":1199,"date":"2022-03-28T09:59:04","date_gmt":"2022-03-28T09:59:04","guid":{"rendered":"http:\/\/shopchothue.com\/?post_type=product&#038;p=1199"},"modified":"2022-03-28T09:59:04","modified_gmt":"2022-03-28T09:59:04","slug":"belly-dance-an-do-vang","status":"publish","type":"product","link":"http:\/\/shopchothue.com\/?product=belly-dance-an-do-vang","title":{"rendered":"Belly Dance-\u1ea4n \u0110\u1ed9 V\u00e0ng"},"content":{"rendered":"<p><img loading=\"lazy\" class=\"alignnone size-medium wp-image-1203\" src=\"http:\/\/shopchothue.com\/wp-content\/uploads\/2022\/03\/z2395908603886_a5f9abfed997931eb16806a4dfbc79f0-417x400.jpg\" alt=\"\" width=\"417\" height=\"400\" srcset=\"http:\/\/shopchothue.com\/wp-content\/uploads\/2022\/03\/z2395908603886_a5f9abfed997931eb16806a4dfbc79f0-417x400.jpg 417w, http:\/\/shopchothue.com\/wp-content\/uploads\/2022\/03\/z2395908603886_a5f9abfed997931eb16806a4dfbc79f0-510x490.jpg 510w, http:\/\/shopchothue.com\/wp-content\/uploads\/2022\/03\/z2395908603886_a5f9abfed997931eb16806a4dfbc79f0.jpg 750w\" sizes=\"(max-width: 417px) 100vw, 417px\" \/><\/p>\n","protected":false},"excerpt":{"rendered":"<p>C\u00f3 2 lo\u1ea1i: qu\u1ea7n ho\u1eb7c v\u00e1y<\/p>\n<p>qu\u1ea7n (v\u00e1y) \u00e1o, bell, kh\u0103n<\/p>\n","protected":false},"featured_media":1203,"template":"","meta":[],"product_cat":[68],"product_tag":[],"_links":{"self":[{"href":"http:\/\/shopchothue.com\/index.php?rest_route=\/wp\/v2\/product\/1199"}],"collection":[{"href":"http:\/\/shopchothue.com\/index.php?rest_route=\/wp\/v2\/product"}],"about":[{"href":"http:\/\/shopchothue.com\/index.php?rest_route=\/wp\/v2\/types\/product"}],"wp:featuredmedia":[{"embeddable":true,"href":"http:\/\/shopchothue.com\/index.php?rest_route=\/wp\/v2\/media\/1203"}],"wp:attachment":[{"href":"http:\/\/shopchothue.com\/index.php?rest_route=%2Fwp%2Fv2%2Fmedia&parent=1199"}],"wp:term":[{"taxonomy":"product_cat","embeddable":true,"href":"http:\/\/shopchothue.com\/index.php?rest_route=%2Fwp%2Fv2%2Fproduct_cat&post=1199"},{"taxonomy":"product_tag","embeddable":true,"href":"http:\/\/shopchothue.com\/index.php?rest_route=%2Fwp%2Fv2%2Fproduct_tag&post=1199"}],"curies":[{"name":"wp","href":"https:\/\/api.w.org\/{rel}","templated":true}]}}