{"id":1292,"date":"2022-03-28T12:09:47","date_gmt":"2022-03-28T12:09:47","guid":{"rendered":"http:\/\/shopchothue.com\/?post_type=product&#038;p=1292"},"modified":"2022-03-28T12:09:48","modified_gmt":"2022-03-28T12:09:48","slug":"ao-doan","status":"publish","type":"product","link":"http:\/\/shopchothue.com\/?product=ao-doan","title":{"rendered":"\u00c1o \u0110o\u00e0n"},"content":{"rendered":"<p><img loading=\"lazy\" class=\"alignnone size-medium wp-image-1293\" src=\"http:\/\/shopchothue.com\/wp-content\/uploads\/2022\/03\/135496659_1934881060019433_3202020521789206995_n-400x400.jpg\" alt=\"\" width=\"400\" height=\"400\" srcset=\"http:\/\/shopchothue.com\/wp-content\/uploads\/2022\/03\/135496659_1934881060019433_3202020521789206995_n-400x400.jpg 400w, http:\/\/shopchothue.com\/wp-content\/uploads\/2022\/03\/135496659_1934881060019433_3202020521789206995_n-800x800.jpg 800w, http:\/\/shopchothue.com\/wp-content\/uploads\/2022\/03\/135496659_1934881060019433_3202020521789206995_n-280x280.jpg 280w, http:\/\/shopchothue.com\/wp-content\/uploads\/2022\/03\/135496659_1934881060019433_3202020521789206995_n-768x768.jpg 768w, http:\/\/shopchothue.com\/wp-content\/uploads\/2022\/03\/135496659_1934881060019433_3202020521789206995_n-510x510.jpg 510w, http:\/\/shopchothue.com\/wp-content\/uploads\/2022\/03\/135496659_1934881060019433_3202020521789206995_n-100x100.jpg 100w, http:\/\/shopchothue.com\/wp-content\/uploads\/2022\/03\/135496659_1934881060019433_3202020521789206995_n.jpg 960w\" sizes=\"(max-width: 400px) 100vw, 400px\" \/><\/p>\n","protected":false},"excerpt":{"rendered":"","protected":false},"featured_media":1293,"template":"","meta":[],"product_cat":[71],"product_tag":[],"_links":{"self":[{"href":"http:\/\/shopchothue.com\/index.php?rest_route=\/wp\/v2\/product\/1292"}],"collection":[{"href":"http:\/\/shopchothue.com\/index.php?rest_route=\/wp\/v2\/product"}],"about":[{"href":"http:\/\/shopchothue.com\/index.php?rest_route=\/wp\/v2\/types\/product"}],"wp:featuredmedia":[{"embeddable":true,"href":"http:\/\/shopchothue.com\/index.php?rest_route=\/wp\/v2\/media\/1293"}],"wp:attachment":[{"href":"http:\/\/shopchothue.com\/index.php?rest_route=%2Fwp%2Fv2%2Fmedia&parent=1292"}],"wp:term":[{"taxonomy":"product_cat","embeddable":true,"href":"http:\/\/shopchothue.com\/index.php?rest_route=%2Fwp%2Fv2%2Fproduct_cat&post=1292"},{"taxonomy":"product_tag","embeddable":true,"href":"http:\/\/shopchothue.com\/index.php?rest_route=%2Fwp%2Fv2%2Fproduct_tag&post=1292"}],"curies":[{"name":"wp","href":"https:\/\/api.w.org\/{rel}","templated":true}]}}