{"id":1328,"date":"2022-03-29T06:40:54","date_gmt":"2022-03-29T06:40:54","guid":{"rendered":"https:\/\/shopchothue.com\/?post_type=product&#038;p=1328"},"modified":"2026-01-15T02:14:08","modified_gmt":"2026-01-15T02:14:08","slug":"vua-ngoc-hoang-1","status":"publish","type":"product","link":"http:\/\/shopchothue.com\/?product=vua-ngoc-hoang-1","title":{"rendered":"Vua-Ng\u1ecdc Ho\u00e0ng 1"},"content":{"rendered":"<p><img loading=\"lazy\" class=\"alignnone size-medium wp-image-1309\" src=\"http:\/\/shopchothue.com\/wp-content\/uploads\/2022\/03\/5d4e7ffd41548e0ad745-300x400.jpg\" alt=\"\" width=\"300\" height=\"400\" srcset=\"http:\/\/shopchothue.com\/wp-content\/uploads\/2022\/03\/5d4e7ffd41548e0ad745-300x400.jpg 300w, http:\/\/shopchothue.com\/wp-content\/uploads\/2022\/03\/5d4e7ffd41548e0ad745-600x800.jpg 600w, http:\/\/shopchothue.com\/wp-content\/uploads\/2022\/03\/5d4e7ffd41548e0ad745-510x680.jpg 510w, http:\/\/shopchothue.com\/wp-content\/uploads\/2022\/03\/5d4e7ffd41548e0ad745.jpg 720w\" sizes=\"(max-width: 300px) 100vw, 300px\" \/><\/p>\n","protected":false},"excerpt":{"rendered":"<p>Vua-Ng\u1ecdc Ho\u00e0ng<\/p>\n<p>B\u1ed9: \u00e1o, qu\u1ea7n, \u0111ai, m\u00e3o: thu\u00ea 150k<\/p>\n<p>B\u1ed9: \u00e1o, qu\u1ea7n, \u0111ai, m\u00e3o,h\u00e0i: thu\u00ea 180k<\/p>\n<p>&nbsp;<\/p>\n","protected":false},"featured_media":1309,"template":"","meta":[],"product_cat":[73,58],"product_tag":[],"_links":{"self":[{"href":"http:\/\/shopchothue.com\/index.php?rest_route=\/wp\/v2\/product\/1328"}],"collection":[{"href":"http:\/\/shopchothue.com\/index.php?rest_route=\/wp\/v2\/product"}],"about":[{"href":"http:\/\/shopchothue.com\/index.php?rest_route=\/wp\/v2\/types\/product"}],"wp:featuredmedia":[{"embeddable":true,"href":"http:\/\/shopchothue.com\/index.php?rest_route=\/wp\/v2\/media\/1309"}],"wp:attachment":[{"href":"http:\/\/shopchothue.com\/index.php?rest_route=%2Fwp%2Fv2%2Fmedia&parent=1328"}],"wp:term":[{"taxonomy":"product_cat","embeddable":true,"href":"http:\/\/shopchothue.com\/index.php?rest_route=%2Fwp%2Fv2%2Fproduct_cat&post=1328"},{"taxonomy":"product_tag","embeddable":true,"href":"http:\/\/shopchothue.com\/index.php?rest_route=%2Fwp%2Fv2%2Fproduct_tag&post=1328"}],"curies":[{"name":"wp","href":"https:\/\/api.w.org\/{rel}","templated":true}]}}