{"id":1358,"date":"2022-03-29T07:30:34","date_gmt":"2022-03-29T07:30:34","guid":{"rendered":"https:\/\/shopchothue.com\/?post_type=product&#038;p=1358"},"modified":"2022-03-29T07:30:35","modified_gmt":"2022-03-29T07:30:35","slug":"cong-chua-chi-hang-do","status":"publish","type":"product","link":"http:\/\/shopchothue.com\/?product=cong-chua-chi-hang-do","title":{"rendered":"C\u00f4ng Ch\u00faa-Ch\u1ecb H\u1eb1ng \u0110\u1ecf"},"content":{"rendered":"<p><img loading=\"lazy\" class=\"alignnone size-medium wp-image-1359\" src=\"http:\/\/shopchothue.com\/wp-content\/uploads\/2022\/03\/119539051_1609865845858830_2999437734296938829_n-300x400.jpg\" alt=\"\" width=\"300\" height=\"400\" srcset=\"http:\/\/shopchothue.com\/wp-content\/uploads\/2022\/03\/119539051_1609865845858830_2999437734296938829_n-300x400.jpg 300w, http:\/\/shopchothue.com\/wp-content\/uploads\/2022\/03\/119539051_1609865845858830_2999437734296938829_n-600x800.jpg 600w, http:\/\/shopchothue.com\/wp-content\/uploads\/2022\/03\/119539051_1609865845858830_2999437734296938829_n-510x680.jpg 510w, http:\/\/shopchothue.com\/wp-content\/uploads\/2022\/03\/119539051_1609865845858830_2999437734296938829_n.jpg 720w\" sizes=\"(max-width: 300px) 100vw, 300px\" \/><\/p>\n","protected":false},"excerpt":{"rendered":"<p>B\u1ed9: \u00e1o, kho\u00e1c, \u0111ai<\/p>\n","protected":false},"featured_media":1359,"template":"","meta":[],"product_cat":[58],"product_tag":[],"_links":{"self":[{"href":"http:\/\/shopchothue.com\/index.php?rest_route=\/wp\/v2\/product\/1358"}],"collection":[{"href":"http:\/\/shopchothue.com\/index.php?rest_route=\/wp\/v2\/product"}],"about":[{"href":"http:\/\/shopchothue.com\/index.php?rest_route=\/wp\/v2\/types\/product"}],"wp:featuredmedia":[{"embeddable":true,"href":"http:\/\/shopchothue.com\/index.php?rest_route=\/wp\/v2\/media\/1359"}],"wp:attachment":[{"href":"http:\/\/shopchothue.com\/index.php?rest_route=%2Fwp%2Fv2%2Fmedia&parent=1358"}],"wp:term":[{"taxonomy":"product_cat","embeddable":true,"href":"http:\/\/shopchothue.com\/index.php?rest_route=%2Fwp%2Fv2%2Fproduct_cat&post=1358"},{"taxonomy":"product_tag","embeddable":true,"href":"http:\/\/shopchothue.com\/index.php?rest_route=%2Fwp%2Fv2%2Fproduct_tag&post=1358"}],"curies":[{"name":"wp","href":"https:\/\/api.w.org\/{rel}","templated":true}]}}