{"id":1381,"date":"2022-03-29T07:54:01","date_gmt":"2022-03-29T07:54:01","guid":{"rendered":"https:\/\/shopchothue.com\/?post_type=product&#038;p=1381"},"modified":"2022-03-29T07:54:02","modified_gmt":"2022-03-29T07:54:02","slug":"cuong-thi-thai-giam-nha-thanh-den","status":"publish","type":"product","link":"http:\/\/shopchothue.com\/?product=cuong-thi-thai-giam-nha-thanh-den","title":{"rendered":"C\u01b0\u01a1ng Thi-Th\u00e1i Gi\u00e1m Nh\u00e0 Thanh (\u0110en)"},"content":{"rendered":"<p><img loading=\"lazy\" class=\"alignnone size-medium wp-image-1382\" src=\"http:\/\/shopchothue.com\/wp-content\/uploads\/2022\/03\/T2a2emXgXbXXXXXXXX_840797666-267x400.jpg\" alt=\"\" width=\"267\" height=\"400\" srcset=\"http:\/\/shopchothue.com\/wp-content\/uploads\/2022\/03\/T2a2emXgXbXXXXXXXX_840797666-267x400.jpg 267w, http:\/\/shopchothue.com\/wp-content\/uploads\/2022\/03\/T2a2emXgXbXXXXXXXX_840797666-533x800.jpg 533w, http:\/\/shopchothue.com\/wp-content\/uploads\/2022\/03\/T2a2emXgXbXXXXXXXX_840797666-510x765.jpg 510w, http:\/\/shopchothue.com\/wp-content\/uploads\/2022\/03\/T2a2emXgXbXXXXXXXX_840797666.jpg 750w\" sizes=\"(max-width: 267px) 100vw, 267px\" \/><\/p>\n","protected":false},"excerpt":{"rendered":"","protected":false},"featured_media":1382,"template":"","meta":[],"product_cat":[56,58],"product_tag":[],"_links":{"self":[{"href":"http:\/\/shopchothue.com\/index.php?rest_route=\/wp\/v2\/product\/1381"}],"collection":[{"href":"http:\/\/shopchothue.com\/index.php?rest_route=\/wp\/v2\/product"}],"about":[{"href":"http:\/\/shopchothue.com\/index.php?rest_route=\/wp\/v2\/types\/product"}],"wp:featuredmedia":[{"embeddable":true,"href":"http:\/\/shopchothue.com\/index.php?rest_route=\/wp\/v2\/media\/1382"}],"wp:attachment":[{"href":"http:\/\/shopchothue.com\/index.php?rest_route=%2Fwp%2Fv2%2Fmedia&parent=1381"}],"wp:term":[{"taxonomy":"product_cat","embeddable":true,"href":"http:\/\/shopchothue.com\/index.php?rest_route=%2Fwp%2Fv2%2Fproduct_cat&post=1381"},{"taxonomy":"product_tag","embeddable":true,"href":"http:\/\/shopchothue.com\/index.php?rest_route=%2Fwp%2Fv2%2Fproduct_tag&post=1381"}],"curies":[{"name":"wp","href":"https:\/\/api.w.org\/{rel}","templated":true}]}}