{"id":1874,"date":"2022-09-20T04:31:54","date_gmt":"2022-09-20T04:31:54","guid":{"rendered":"http:\/\/shopchothue.com\/?post_type=product&#038;p=1874"},"modified":"2025-08-28T09:18:36","modified_gmt":"2025-08-28T09:18:36","slug":"1874","status":"publish","type":"product","link":"http:\/\/shopchothue.com\/?product=1874","title":{"rendered":"C\u00f4ng Ch\u00faa T\u00f3c M\u00e2y"},"content":{"rendered":"<p><img loading=\"lazy\" src=\"http:\/\/shopchothue.com\/wp-content\/uploads\/2022\/09\/00b5563b43c98297dbd8-400x400.jpg\" alt=\"\" width=\"400\" height=\"400\" class=\"alignnone size-medium wp-image-1875\" srcset=\"http:\/\/shopchothue.com\/wp-content\/uploads\/2022\/09\/00b5563b43c98297dbd8-400x400.jpg 400w, http:\/\/shopchothue.com\/wp-content\/uploads\/2022\/09\/00b5563b43c98297dbd8-280x280.jpg 280w, http:\/\/shopchothue.com\/wp-content\/uploads\/2022\/09\/00b5563b43c98297dbd8-768x768.jpg 768w, http:\/\/shopchothue.com\/wp-content\/uploads\/2022\/09\/00b5563b43c98297dbd8-510x510.jpg 510w, http:\/\/shopchothue.com\/wp-content\/uploads\/2022\/09\/00b5563b43c98297dbd8-100x100.jpg 100w, http:\/\/shopchothue.com\/wp-content\/uploads\/2022\/09\/00b5563b43c98297dbd8.jpg 800w\" sizes=\"(max-width: 400px) 100vw, 400px\" \/><\/p>\n","protected":false},"excerpt":{"rendered":"","protected":false},"featured_media":1875,"template":"","meta":[],"product_cat":[56,68],"product_tag":[],"_links":{"self":[{"href":"http:\/\/shopchothue.com\/index.php?rest_route=\/wp\/v2\/product\/1874"}],"collection":[{"href":"http:\/\/shopchothue.com\/index.php?rest_route=\/wp\/v2\/product"}],"about":[{"href":"http:\/\/shopchothue.com\/index.php?rest_route=\/wp\/v2\/types\/product"}],"wp:featuredmedia":[{"embeddable":true,"href":"http:\/\/shopchothue.com\/index.php?rest_route=\/wp\/v2\/media\/1875"}],"wp:attachment":[{"href":"http:\/\/shopchothue.com\/index.php?rest_route=%2Fwp%2Fv2%2Fmedia&parent=1874"}],"wp:term":[{"taxonomy":"product_cat","embeddable":true,"href":"http:\/\/shopchothue.com\/index.php?rest_route=%2Fwp%2Fv2%2Fproduct_cat&post=1874"},{"taxonomy":"product_tag","embeddable":true,"href":"http:\/\/shopchothue.com\/index.php?rest_route=%2Fwp%2Fv2%2Fproduct_tag&post=1874"}],"curies":[{"name":"wp","href":"https:\/\/api.w.org\/{rel}","templated":true}]}}