{"id":2545,"date":"2022-10-31T12:22:45","date_gmt":"2022-10-31T12:22:45","guid":{"rendered":"http:\/\/shopchothue.com\/?post_type=product&#038;p=2545"},"modified":"2025-08-28T09:09:39","modified_gmt":"2025-08-28T09:09:39","slug":"hy-phuc-nu-do","status":"publish","type":"product","link":"http:\/\/shopchothue.com\/?product=hy-phuc-nu-do","title":{"rendered":"H\u1ef7 Ph\u1ee5c N\u1eef \u0110\u1ecf (Gi\u00e1 Kh\u00f4ng C\u00e0i T\u00f3c )"},"content":{"rendered":"<p><img loading=\"lazy\" src=\"http:\/\/shopchothue.com\/wp-content\/uploads\/2022\/10\/L-400x400.jpg\" alt=\"\" width=\"400\" height=\"400\" class=\"alignnone size-medium wp-image-2546\" srcset=\"http:\/\/shopchothue.com\/wp-content\/uploads\/2022\/10\/L-400x400.jpg 400w, http:\/\/shopchothue.com\/wp-content\/uploads\/2022\/10\/L-280x280.jpg 280w, http:\/\/shopchothue.com\/wp-content\/uploads\/2022\/10\/L-768x768.jpg 768w, http:\/\/shopchothue.com\/wp-content\/uploads\/2022\/10\/L-510x510.jpg 510w, http:\/\/shopchothue.com\/wp-content\/uploads\/2022\/10\/L-100x100.jpg 100w, http:\/\/shopchothue.com\/wp-content\/uploads\/2022\/10\/L.jpg 800w\" sizes=\"(max-width: 400px) 100vw, 400px\" \/><\/p>\n","protected":false},"excerpt":{"rendered":"","protected":false},"featured_media":2546,"template":"","meta":[],"product_cat":[56,68,58],"product_tag":[],"_links":{"self":[{"href":"http:\/\/shopchothue.com\/index.php?rest_route=\/wp\/v2\/product\/2545"}],"collection":[{"href":"http:\/\/shopchothue.com\/index.php?rest_route=\/wp\/v2\/product"}],"about":[{"href":"http:\/\/shopchothue.com\/index.php?rest_route=\/wp\/v2\/types\/product"}],"wp:featuredmedia":[{"embeddable":true,"href":"http:\/\/shopchothue.com\/index.php?rest_route=\/wp\/v2\/media\/2546"}],"wp:attachment":[{"href":"http:\/\/shopchothue.com\/index.php?rest_route=%2Fwp%2Fv2%2Fmedia&parent=2545"}],"wp:term":[{"taxonomy":"product_cat","embeddable":true,"href":"http:\/\/shopchothue.com\/index.php?rest_route=%2Fwp%2Fv2%2Fproduct_cat&post=2545"},{"taxonomy":"product_tag","embeddable":true,"href":"http:\/\/shopchothue.com\/index.php?rest_route=%2Fwp%2Fv2%2Fproduct_tag&post=2545"}],"curies":[{"name":"wp","href":"https:\/\/api.w.org\/{rel}","templated":true}]}}