{"id":2632,"date":"2022-12-29T05:32:33","date_gmt":"2022-12-29T05:32:33","guid":{"rendered":"http:\/\/shopchothue.com\/?post_type=product&#038;p=2632"},"modified":"2025-08-28T09:07:42","modified_gmt":"2025-08-28T09:07:42","slug":"ao-dai-cach-tan-nu-56","status":"publish","type":"product","link":"http:\/\/shopchothue.com\/?product=ao-dai-cach-tan-nu-56","title":{"rendered":"\u00c1o D\u00e0i C\u00e1ch T\u00e2n N\u1eef 56"},"content":{"rendered":"<p><img loading=\"lazy\" src=\"http:\/\/shopchothue.com\/wp-content\/uploads\/2022\/12\/100843780_248974029705213_5473544384022577152_n-300x400.jpg\" alt=\"\" width=\"300\" height=\"400\" class=\"alignnone size-medium wp-image-2633\" srcset=\"http:\/\/shopchothue.com\/wp-content\/uploads\/2022\/12\/100843780_248974029705213_5473544384022577152_n-300x400.jpg 300w, http:\/\/shopchothue.com\/wp-content\/uploads\/2022\/12\/100843780_248974029705213_5473544384022577152_n-600x800.jpg 600w, http:\/\/shopchothue.com\/wp-content\/uploads\/2022\/12\/100843780_248974029705213_5473544384022577152_n-510x680.jpg 510w, http:\/\/shopchothue.com\/wp-content\/uploads\/2022\/12\/100843780_248974029705213_5473544384022577152_n.jpg 720w\" sizes=\"(max-width: 300px) 100vw, 300px\" \/><\/p>\n","protected":false},"excerpt":{"rendered":"","protected":false},"featured_media":2633,"template":"","meta":[],"product_cat":[60,61],"product_tag":[],"_links":{"self":[{"href":"http:\/\/shopchothue.com\/index.php?rest_route=\/wp\/v2\/product\/2632"}],"collection":[{"href":"http:\/\/shopchothue.com\/index.php?rest_route=\/wp\/v2\/product"}],"about":[{"href":"http:\/\/shopchothue.com\/index.php?rest_route=\/wp\/v2\/types\/product"}],"wp:featuredmedia":[{"embeddable":true,"href":"http:\/\/shopchothue.com\/index.php?rest_route=\/wp\/v2\/media\/2633"}],"wp:attachment":[{"href":"http:\/\/shopchothue.com\/index.php?rest_route=%2Fwp%2Fv2%2Fmedia&parent=2632"}],"wp:term":[{"taxonomy":"product_cat","embeddable":true,"href":"http:\/\/shopchothue.com\/index.php?rest_route=%2Fwp%2Fv2%2Fproduct_cat&post=2632"},{"taxonomy":"product_tag","embeddable":true,"href":"http:\/\/shopchothue.com\/index.php?rest_route=%2Fwp%2Fv2%2Fproduct_tag&post=2632"}],"curies":[{"name":"wp","href":"https:\/\/api.w.org\/{rel}","templated":true}]}}