{"id":2636,"date":"2022-12-29T05:35:55","date_gmt":"2022-12-29T05:35:55","guid":{"rendered":"http:\/\/shopchothue.com\/?post_type=product&#038;p=2636"},"modified":"2025-08-28T09:07:29","modified_gmt":"2025-08-28T09:07:29","slug":"ao-dai-cach-tan-nu-58","status":"publish","type":"product","link":"http:\/\/shopchothue.com\/?product=ao-dai-cach-tan-nu-58","title":{"rendered":"\u00c1o D\u00e0i C\u00e1ch T\u00e2n N\u1eef 58"},"content":{"rendered":"<p><img loading=\"lazy\" src=\"http:\/\/shopchothue.com\/wp-content\/uploads\/2022\/12\/DO-M-XANH-S-M-L-266x400.jpg\" alt=\"\" width=\"266\" height=\"400\" class=\"alignnone size-medium wp-image-2637\" srcset=\"http:\/\/shopchothue.com\/wp-content\/uploads\/2022\/12\/DO-M-XANH-S-M-L-266x400.jpg 266w, http:\/\/shopchothue.com\/wp-content\/uploads\/2022\/12\/DO-M-XANH-S-M-L-533x800.jpg 533w, http:\/\/shopchothue.com\/wp-content\/uploads\/2022\/12\/DO-M-XANH-S-M-L-768x1154.jpg 768w, http:\/\/shopchothue.com\/wp-content\/uploads\/2022\/12\/DO-M-XANH-S-M-L-510x766.jpg 510w, http:\/\/shopchothue.com\/wp-content\/uploads\/2022\/12\/DO-M-XANH-S-M-L.jpg 852w\" sizes=\"(max-width: 266px) 100vw, 266px\" \/><\/p>\n","protected":false},"excerpt":{"rendered":"","protected":false},"featured_media":2637,"template":"","meta":[],"product_cat":[60,61],"product_tag":[],"_links":{"self":[{"href":"http:\/\/shopchothue.com\/index.php?rest_route=\/wp\/v2\/product\/2636"}],"collection":[{"href":"http:\/\/shopchothue.com\/index.php?rest_route=\/wp\/v2\/product"}],"about":[{"href":"http:\/\/shopchothue.com\/index.php?rest_route=\/wp\/v2\/types\/product"}],"wp:featuredmedia":[{"embeddable":true,"href":"http:\/\/shopchothue.com\/index.php?rest_route=\/wp\/v2\/media\/2637"}],"wp:attachment":[{"href":"http:\/\/shopchothue.com\/index.php?rest_route=%2Fwp%2Fv2%2Fmedia&parent=2636"}],"wp:term":[{"taxonomy":"product_cat","embeddable":true,"href":"http:\/\/shopchothue.com\/index.php?rest_route=%2Fwp%2Fv2%2Fproduct_cat&post=2636"},{"taxonomy":"product_tag","embeddable":true,"href":"http:\/\/shopchothue.com\/index.php?rest_route=%2Fwp%2Fv2%2Fproduct_tag&post=2636"}],"curies":[{"name":"wp","href":"https:\/\/api.w.org\/{rel}","templated":true}]}}