{"id":2642,"date":"2022-12-29T05:41:03","date_gmt":"2022-12-29T05:41:03","guid":{"rendered":"http:\/\/shopchothue.com\/?post_type=product&#038;p=2642"},"modified":"2025-08-28T09:07:11","modified_gmt":"2025-08-28T09:07:11","slug":"ao-dai-cach-tan-nu-61","status":"publish","type":"product","link":"http:\/\/shopchothue.com\/?product=ao-dai-cach-tan-nu-61","title":{"rendered":"\u00c1o D\u00e0i C\u00e1ch T\u00e2n N\u1eef 61"},"content":{"rendered":"<p><img loading=\"lazy\" src=\"http:\/\/shopchothue.com\/wp-content\/uploads\/2022\/12\/307440601_777902766813040_4225117247075259087_n-460x400.jpg\" alt=\"\" width=\"460\" height=\"400\" class=\"alignnone size-medium wp-image-2643\" srcset=\"http:\/\/shopchothue.com\/wp-content\/uploads\/2022\/12\/307440601_777902766813040_4225117247075259087_n-460x400.jpg 460w, http:\/\/shopchothue.com\/wp-content\/uploads\/2022\/12\/307440601_777902766813040_4225117247075259087_n-510x443.jpg 510w, http:\/\/shopchothue.com\/wp-content\/uploads\/2022\/12\/307440601_777902766813040_4225117247075259087_n.jpg 716w\" sizes=\"(max-width: 460px) 100vw, 460px\" \/><\/p>\n","protected":false},"excerpt":{"rendered":"","protected":false},"featured_media":2643,"template":"","meta":[],"product_cat":[60,61],"product_tag":[],"_links":{"self":[{"href":"http:\/\/shopchothue.com\/index.php?rest_route=\/wp\/v2\/product\/2642"}],"collection":[{"href":"http:\/\/shopchothue.com\/index.php?rest_route=\/wp\/v2\/product"}],"about":[{"href":"http:\/\/shopchothue.com\/index.php?rest_route=\/wp\/v2\/types\/product"}],"wp:featuredmedia":[{"embeddable":true,"href":"http:\/\/shopchothue.com\/index.php?rest_route=\/wp\/v2\/media\/2643"}],"wp:attachment":[{"href":"http:\/\/shopchothue.com\/index.php?rest_route=%2Fwp%2Fv2%2Fmedia&parent=2642"}],"wp:term":[{"taxonomy":"product_cat","embeddable":true,"href":"http:\/\/shopchothue.com\/index.php?rest_route=%2Fwp%2Fv2%2Fproduct_cat&post=2642"},{"taxonomy":"product_tag","embeddable":true,"href":"http:\/\/shopchothue.com\/index.php?rest_route=%2Fwp%2Fv2%2Fproduct_tag&post=2642"}],"curies":[{"name":"wp","href":"https:\/\/api.w.org\/{rel}","templated":true}]}}