{"id":4792,"date":"2023-12-21T04:34:29","date_gmt":"2023-12-21T04:34:29","guid":{"rendered":"https:\/\/shopchothue.com\/?post_type=product&#038;p=4792"},"modified":"2023-12-21T04:34:29","modified_gmt":"2023-12-21T04:34:29","slug":"ao-dai-cach-tan-125","status":"publish","type":"product","link":"http:\/\/shopchothue.com\/?product=ao-dai-cach-tan-125","title":{"rendered":"\u00c1o D\u00e0i C\u00e1ch T\u00e2n 125"},"content":{"rendered":"<p><img loading=\"lazy\" src=\"http:\/\/shopchothue.com\/wp-content\/uploads\/2023\/12\/12-AO-534x400.jpg\" alt=\"\" width=\"534\" height=\"400\" class=\"alignnone size-medium wp-image-4793\" srcset=\"http:\/\/shopchothue.com\/wp-content\/uploads\/2023\/12\/12-AO-534x400.jpg 534w, http:\/\/shopchothue.com\/wp-content\/uploads\/2023\/12\/12-AO-1068x800.jpg 1068w, http:\/\/shopchothue.com\/wp-content\/uploads\/2023\/12\/12-AO-768x575.jpg 768w, http:\/\/shopchothue.com\/wp-content\/uploads\/2023\/12\/12-AO-510x382.jpg 510w, http:\/\/shopchothue.com\/wp-content\/uploads\/2023\/12\/12-AO.jpg 1276w\" sizes=\"(max-width: 534px) 100vw, 534px\" \/><\/p>\n","protected":false},"excerpt":{"rendered":"","protected":false},"featured_media":4793,"template":"","meta":[],"product_cat":[60,61],"product_tag":[],"_links":{"self":[{"href":"http:\/\/shopchothue.com\/index.php?rest_route=\/wp\/v2\/product\/4792"}],"collection":[{"href":"http:\/\/shopchothue.com\/index.php?rest_route=\/wp\/v2\/product"}],"about":[{"href":"http:\/\/shopchothue.com\/index.php?rest_route=\/wp\/v2\/types\/product"}],"wp:featuredmedia":[{"embeddable":true,"href":"http:\/\/shopchothue.com\/index.php?rest_route=\/wp\/v2\/media\/4793"}],"wp:attachment":[{"href":"http:\/\/shopchothue.com\/index.php?rest_route=%2Fwp%2Fv2%2Fmedia&parent=4792"}],"wp:term":[{"taxonomy":"product_cat","embeddable":true,"href":"http:\/\/shopchothue.com\/index.php?rest_route=%2Fwp%2Fv2%2Fproduct_cat&post=4792"},{"taxonomy":"product_tag","embeddable":true,"href":"http:\/\/shopchothue.com\/index.php?rest_route=%2Fwp%2Fv2%2Fproduct_tag&post=4792"}],"curies":[{"name":"wp","href":"https:\/\/api.w.org\/{rel}","templated":true}]}}