{"id":4799,"date":"2023-12-21T04:38:17","date_gmt":"2023-12-21T04:38:17","guid":{"rendered":"https:\/\/shopchothue.com\/?post_type=product&#038;p=4799"},"modified":"2023-12-21T04:38:17","modified_gmt":"2023-12-21T04:38:17","slug":"ao-dai-cach-tan-128","status":"publish","type":"product","link":"http:\/\/shopchothue.com\/?product=ao-dai-cach-tan-128","title":{"rendered":"\u00c1o D\u00e0i C\u00e1ch T\u00e2n 128"},"content":{"rendered":"<p><img loading=\"lazy\" src=\"http:\/\/shopchothue.com\/wp-content\/uploads\/2023\/12\/z4848694275868_a48784648b1fa68381a25ef0216c3ee9-711x400.jpg\" alt=\"\" width=\"711\" height=\"400\" class=\"alignnone size-medium wp-image-4800\" srcset=\"http:\/\/shopchothue.com\/wp-content\/uploads\/2023\/12\/z4848694275868_a48784648b1fa68381a25ef0216c3ee9-711x400.jpg 711w, http:\/\/shopchothue.com\/wp-content\/uploads\/2023\/12\/z4848694275868_a48784648b1fa68381a25ef0216c3ee9-768x432.jpg 768w, http:\/\/shopchothue.com\/wp-content\/uploads\/2023\/12\/z4848694275868_a48784648b1fa68381a25ef0216c3ee9-510x287.jpg 510w, http:\/\/shopchothue.com\/wp-content\/uploads\/2023\/12\/z4848694275868_a48784648b1fa68381a25ef0216c3ee9.jpg 1080w\" sizes=\"(max-width: 711px) 100vw, 711px\" \/><\/p>\n","protected":false},"excerpt":{"rendered":"","protected":false},"featured_media":4800,"template":"","meta":[],"product_cat":[60,61],"product_tag":[],"_links":{"self":[{"href":"http:\/\/shopchothue.com\/index.php?rest_route=\/wp\/v2\/product\/4799"}],"collection":[{"href":"http:\/\/shopchothue.com\/index.php?rest_route=\/wp\/v2\/product"}],"about":[{"href":"http:\/\/shopchothue.com\/index.php?rest_route=\/wp\/v2\/types\/product"}],"wp:featuredmedia":[{"embeddable":true,"href":"http:\/\/shopchothue.com\/index.php?rest_route=\/wp\/v2\/media\/4800"}],"wp:attachment":[{"href":"http:\/\/shopchothue.com\/index.php?rest_route=%2Fwp%2Fv2%2Fmedia&parent=4799"}],"wp:term":[{"taxonomy":"product_cat","embeddable":true,"href":"http:\/\/shopchothue.com\/index.php?rest_route=%2Fwp%2Fv2%2Fproduct_cat&post=4799"},{"taxonomy":"product_tag","embeddable":true,"href":"http:\/\/shopchothue.com\/index.php?rest_route=%2Fwp%2Fv2%2Fproduct_tag&post=4799"}],"curies":[{"name":"wp","href":"https:\/\/api.w.org\/{rel}","templated":true}]}}