{"id":4803,"date":"2023-12-21T04:40:39","date_gmt":"2023-12-21T04:40:39","guid":{"rendered":"https:\/\/shopchothue.com\/?post_type=product&#038;p=4803"},"modified":"2023-12-21T04:40:40","modified_gmt":"2023-12-21T04:40:40","slug":"ao-dai-cach-tan-130","status":"publish","type":"product","link":"http:\/\/shopchothue.com\/?product=ao-dai-cach-tan-130","title":{"rendered":"\u00c1o D\u00e0i C\u00e1ch T\u00e2n 130"},"content":{"rendered":"<p><img loading=\"lazy\" src=\"http:\/\/shopchothue.com\/wp-content\/uploads\/2023\/12\/5-AO-2S-2M-XL.png\" alt=\"\" width=\"159\" height=\"206\" class=\"alignnone size-full wp-image-4804\" \/><\/p>\n","protected":false},"excerpt":{"rendered":"","protected":false},"featured_media":4804,"template":"","meta":[],"product_cat":[60,61],"product_tag":[],"_links":{"self":[{"href":"http:\/\/shopchothue.com\/index.php?rest_route=\/wp\/v2\/product\/4803"}],"collection":[{"href":"http:\/\/shopchothue.com\/index.php?rest_route=\/wp\/v2\/product"}],"about":[{"href":"http:\/\/shopchothue.com\/index.php?rest_route=\/wp\/v2\/types\/product"}],"wp:featuredmedia":[{"embeddable":true,"href":"http:\/\/shopchothue.com\/index.php?rest_route=\/wp\/v2\/media\/4804"}],"wp:attachment":[{"href":"http:\/\/shopchothue.com\/index.php?rest_route=%2Fwp%2Fv2%2Fmedia&parent=4803"}],"wp:term":[{"taxonomy":"product_cat","embeddable":true,"href":"http:\/\/shopchothue.com\/index.php?rest_route=%2Fwp%2Fv2%2Fproduct_cat&post=4803"},{"taxonomy":"product_tag","embeddable":true,"href":"http:\/\/shopchothue.com\/index.php?rest_route=%2Fwp%2Fv2%2Fproduct_tag&post=4803"}],"curies":[{"name":"wp","href":"https:\/\/api.w.org\/{rel}","templated":true}]}}