{"id":5241,"date":"2024-01-09T09:11:24","date_gmt":"2024-01-09T09:11:24","guid":{"rendered":"http:\/\/shopchothue.com\/?post_type=product&#038;p=5241"},"modified":"2024-01-09T09:11:25","modified_gmt":"2024-01-09T09:11:25","slug":"ao-dai-cach-tan-132","status":"publish","type":"product","link":"http:\/\/shopchothue.com\/?product=ao-dai-cach-tan-132","title":{"rendered":"\u00c1o D\u00e0i C\u00e1ch T\u00e2n 132"},"content":{"rendered":"<p><img loading=\"lazy\" src=\"http:\/\/shopchothue.com\/wp-content\/uploads\/2024\/01\/5-AO-2S-2M-XL.png\" alt=\"\" width=\"159\" height=\"206\" class=\"alignnone size-full wp-image-5242\" \/><\/p>\n<p><img loading=\"lazy\" src=\"http:\/\/shopchothue.com\/wp-content\/uploads\/2024\/01\/5-AO-300x400.jpg\" alt=\"\" width=\"300\" height=\"400\" class=\"alignnone size-medium wp-image-5243\" srcset=\"http:\/\/shopchothue.com\/wp-content\/uploads\/2024\/01\/5-AO-300x400.jpg 300w, http:\/\/shopchothue.com\/wp-content\/uploads\/2024\/01\/5-AO-600x800.jpg 600w, http:\/\/shopchothue.com\/wp-content\/uploads\/2024\/01\/5-AO-768x1024.jpg 768w, http:\/\/shopchothue.com\/wp-content\/uploads\/2024\/01\/5-AO-1152x1536.jpg 1152w, http:\/\/shopchothue.com\/wp-content\/uploads\/2024\/01\/5-AO-510x680.jpg 510w, http:\/\/shopchothue.com\/wp-content\/uploads\/2024\/01\/5-AO.jpg 1536w\" sizes=\"(max-width: 300px) 100vw, 300px\" \/><\/p>\n","protected":false},"excerpt":{"rendered":"","protected":false},"featured_media":5243,"template":"","meta":[],"product_cat":[60,61],"product_tag":[],"_links":{"self":[{"href":"http:\/\/shopchothue.com\/index.php?rest_route=\/wp\/v2\/product\/5241"}],"collection":[{"href":"http:\/\/shopchothue.com\/index.php?rest_route=\/wp\/v2\/product"}],"about":[{"href":"http:\/\/shopchothue.com\/index.php?rest_route=\/wp\/v2\/types\/product"}],"wp:featuredmedia":[{"embeddable":true,"href":"http:\/\/shopchothue.com\/index.php?rest_route=\/wp\/v2\/media\/5243"}],"wp:attachment":[{"href":"http:\/\/shopchothue.com\/index.php?rest_route=%2Fwp%2Fv2%2Fmedia&parent=5241"}],"wp:term":[{"taxonomy":"product_cat","embeddable":true,"href":"http:\/\/shopchothue.com\/index.php?rest_route=%2Fwp%2Fv2%2Fproduct_cat&post=5241"},{"taxonomy":"product_tag","embeddable":true,"href":"http:\/\/shopchothue.com\/index.php?rest_route=%2Fwp%2Fv2%2Fproduct_tag&post=5241"}],"curies":[{"name":"wp","href":"https:\/\/api.w.org\/{rel}","templated":true}]}}