{"id":5250,"date":"2024-01-09T09:16:12","date_gmt":"2024-01-09T09:16:12","guid":{"rendered":"http:\/\/shopchothue.com\/?post_type=product&#038;p=5250"},"modified":"2024-01-09T09:16:13","modified_gmt":"2024-01-09T09:16:13","slug":"ao-dai-cach-tan-136","status":"publish","type":"product","link":"http:\/\/shopchothue.com\/?product=ao-dai-cach-tan-136","title":{"rendered":"\u00c1o D\u00e0i C\u00e1ch T\u00e2n 136"},"content":{"rendered":"<p><img loading=\"lazy\" src=\"http:\/\/shopchothue.com\/wp-content\/uploads\/2024\/01\/z5050006825147_6f5af3b4c800941896ea7108be83fae2-300x400.jpg\" alt=\"\" width=\"300\" height=\"400\" class=\"alignnone size-medium wp-image-5251\" srcset=\"http:\/\/shopchothue.com\/wp-content\/uploads\/2024\/01\/z5050006825147_6f5af3b4c800941896ea7108be83fae2-300x400.jpg 300w, http:\/\/shopchothue.com\/wp-content\/uploads\/2024\/01\/z5050006825147_6f5af3b4c800941896ea7108be83fae2-600x800.jpg 600w, http:\/\/shopchothue.com\/wp-content\/uploads\/2024\/01\/z5050006825147_6f5af3b4c800941896ea7108be83fae2-768x1024.jpg 768w, http:\/\/shopchothue.com\/wp-content\/uploads\/2024\/01\/z5050006825147_6f5af3b4c800941896ea7108be83fae2-1152x1536.jpg 1152w, http:\/\/shopchothue.com\/wp-content\/uploads\/2024\/01\/z5050006825147_6f5af3b4c800941896ea7108be83fae2-1536x2048.jpg 1536w, http:\/\/shopchothue.com\/wp-content\/uploads\/2024\/01\/z5050006825147_6f5af3b4c800941896ea7108be83fae2-510x680.jpg 510w, http:\/\/shopchothue.com\/wp-content\/uploads\/2024\/01\/z5050006825147_6f5af3b4c800941896ea7108be83fae2.jpg 1920w\" sizes=\"(max-width: 300px) 100vw, 300px\" \/><\/p>\n","protected":false},"excerpt":{"rendered":"","protected":false},"featured_media":5251,"template":"","meta":[],"product_cat":[60,62,61],"product_tag":[],"_links":{"self":[{"href":"http:\/\/shopchothue.com\/index.php?rest_route=\/wp\/v2\/product\/5250"}],"collection":[{"href":"http:\/\/shopchothue.com\/index.php?rest_route=\/wp\/v2\/product"}],"about":[{"href":"http:\/\/shopchothue.com\/index.php?rest_route=\/wp\/v2\/types\/product"}],"wp:featuredmedia":[{"embeddable":true,"href":"http:\/\/shopchothue.com\/index.php?rest_route=\/wp\/v2\/media\/5251"}],"wp:attachment":[{"href":"http:\/\/shopchothue.com\/index.php?rest_route=%2Fwp%2Fv2%2Fmedia&parent=5250"}],"wp:term":[{"taxonomy":"product_cat","embeddable":true,"href":"http:\/\/shopchothue.com\/index.php?rest_route=%2Fwp%2Fv2%2Fproduct_cat&post=5250"},{"taxonomy":"product_tag","embeddable":true,"href":"http:\/\/shopchothue.com\/index.php?rest_route=%2Fwp%2Fv2%2Fproduct_tag&post=5250"}],"curies":[{"name":"wp","href":"https:\/\/api.w.org\/{rel}","templated":true}]}}