{"id":6308,"date":"2025-04-18T09:19:00","date_gmt":"2025-04-18T09:19:00","guid":{"rendered":"https:\/\/shopchothue.com\/?post_type=product&#038;p=6308"},"modified":"2025-04-18T09:19:00","modified_gmt":"2025-04-18T09:19:00","slug":"ao-dai-cach-tan-nam-nu-115","status":"publish","type":"product","link":"http:\/\/shopchothue.com\/?product=ao-dai-cach-tan-nam-nu-115","title":{"rendered":"\u00c1o D\u00e0i C\u00e1ch T\u00e2n Nam &#8211; N\u1eef 115"},"content":{"rendered":"<p><img loading=\"lazy\" class=\"alignnone size-medium wp-image-6309\" src=\"http:\/\/shopchothue.com\/wp-content\/uploads\/2025\/04\/12-NAM-M2-.-L3-.-XL-3.-XX-2-XXX-2-20-NU-300x400.jpg\" alt=\"\" width=\"300\" height=\"400\" srcset=\"http:\/\/shopchothue.com\/wp-content\/uploads\/2025\/04\/12-NAM-M2-.-L3-.-XL-3.-XX-2-XXX-2-20-NU-300x400.jpg 300w, http:\/\/shopchothue.com\/wp-content\/uploads\/2025\/04\/12-NAM-M2-.-L3-.-XL-3.-XX-2-XXX-2-20-NU-600x800.jpg 600w, http:\/\/shopchothue.com\/wp-content\/uploads\/2025\/04\/12-NAM-M2-.-L3-.-XL-3.-XX-2-XXX-2-20-NU-768x1024.jpg 768w, http:\/\/shopchothue.com\/wp-content\/uploads\/2025\/04\/12-NAM-M2-.-L3-.-XL-3.-XX-2-XXX-2-20-NU-510x680.jpg 510w, http:\/\/shopchothue.com\/wp-content\/uploads\/2025\/04\/12-NAM-M2-.-L3-.-XL-3.-XX-2-XXX-2-20-NU.jpg 960w\" sizes=\"(max-width: 300px) 100vw, 300px\" \/>Cach<\/p>\n","protected":false},"excerpt":{"rendered":"<p>Cach<\/p>\n","protected":false},"featured_media":6309,"template":"","meta":[],"product_cat":[60,63,62,61],"product_tag":[],"_links":{"self":[{"href":"http:\/\/shopchothue.com\/index.php?rest_route=\/wp\/v2\/product\/6308"}],"collection":[{"href":"http:\/\/shopchothue.com\/index.php?rest_route=\/wp\/v2\/product"}],"about":[{"href":"http:\/\/shopchothue.com\/index.php?rest_route=\/wp\/v2\/types\/product"}],"wp:featuredmedia":[{"embeddable":true,"href":"http:\/\/shopchothue.com\/index.php?rest_route=\/wp\/v2\/media\/6309"}],"wp:attachment":[{"href":"http:\/\/shopchothue.com\/index.php?rest_route=%2Fwp%2Fv2%2Fmedia&parent=6308"}],"wp:term":[{"taxonomy":"product_cat","embeddable":true,"href":"http:\/\/shopchothue.com\/index.php?rest_route=%2Fwp%2Fv2%2Fproduct_cat&post=6308"},{"taxonomy":"product_tag","embeddable":true,"href":"http:\/\/shopchothue.com\/index.php?rest_route=%2Fwp%2Fv2%2Fproduct_tag&post=6308"}],"curies":[{"name":"wp","href":"https:\/\/api.w.org\/{rel}","templated":true}]}}