{"id":6345,"date":"2025-05-17T07:31:10","date_gmt":"2025-05-17T07:31:10","guid":{"rendered":"https:\/\/shopchothue.com\/?post_type=product&#038;p=6345"},"modified":"2025-05-17T07:33:09","modified_gmt":"2025-05-17T07:33:09","slug":"ao-dai-cach-tan-nu-123","status":"publish","type":"product","link":"http:\/\/shopchothue.com\/?product=ao-dai-cach-tan-nu-123","title":{"rendered":"\u00c1o D\u00e0i C\u00e1ch T\u00e2n N\u1eef 123"},"content":{"rendered":"<p><img loading=\"lazy\" class=\"alignnone size-medium wp-image-6346\" src=\"http:\/\/shopchothue.com\/wp-content\/uploads\/2025\/05\/12-A.-S3-M3-L3-XL-2-XX-300x400.jpg\" alt=\"\" width=\"300\" height=\"400\" srcset=\"http:\/\/shopchothue.com\/wp-content\/uploads\/2025\/05\/12-A.-S3-M3-L3-XL-2-XX-300x400.jpg 300w, http:\/\/shopchothue.com\/wp-content\/uploads\/2025\/05\/12-A.-S3-M3-L3-XL-2-XX-600x800.jpg 600w, http:\/\/shopchothue.com\/wp-content\/uploads\/2025\/05\/12-A.-S3-M3-L3-XL-2-XX-768x1024.jpg 768w, http:\/\/shopchothue.com\/wp-content\/uploads\/2025\/05\/12-A.-S3-M3-L3-XL-2-XX-1152x1536.jpg 1152w, http:\/\/shopchothue.com\/wp-content\/uploads\/2025\/05\/12-A.-S3-M3-L3-XL-2-XX-1536x2048.jpg 1536w, http:\/\/shopchothue.com\/wp-content\/uploads\/2025\/05\/12-A.-S3-M3-L3-XL-2-XX-510x680.jpg 510w, http:\/\/shopchothue.com\/wp-content\/uploads\/2025\/05\/12-A.-S3-M3-L3-XL-2-XX.jpg 1920w\" sizes=\"(max-width: 300px) 100vw, 300px\" \/><\/p>\n","protected":false},"excerpt":{"rendered":"","protected":false},"featured_media":6346,"template":"","meta":[],"product_cat":[60,61,64],"product_tag":[],"_links":{"self":[{"href":"http:\/\/shopchothue.com\/index.php?rest_route=\/wp\/v2\/product\/6345"}],"collection":[{"href":"http:\/\/shopchothue.com\/index.php?rest_route=\/wp\/v2\/product"}],"about":[{"href":"http:\/\/shopchothue.com\/index.php?rest_route=\/wp\/v2\/types\/product"}],"wp:featuredmedia":[{"embeddable":true,"href":"http:\/\/shopchothue.com\/index.php?rest_route=\/wp\/v2\/media\/6346"}],"wp:attachment":[{"href":"http:\/\/shopchothue.com\/index.php?rest_route=%2Fwp%2Fv2%2Fmedia&parent=6345"}],"wp:term":[{"taxonomy":"product_cat","embeddable":true,"href":"http:\/\/shopchothue.com\/index.php?rest_route=%2Fwp%2Fv2%2Fproduct_cat&post=6345"},{"taxonomy":"product_tag","embeddable":true,"href":"http:\/\/shopchothue.com\/index.php?rest_route=%2Fwp%2Fv2%2Fproduct_tag&post=6345"}],"curies":[{"name":"wp","href":"https:\/\/api.w.org\/{rel}","templated":true}]}}