{"id":6550,"date":"2026-01-19T05:02:59","date_gmt":"2026-01-19T05:02:59","guid":{"rendered":"https:\/\/shopchothue.com\/?post_type=product&#038;p=6550"},"modified":"2026-01-19T05:02:59","modified_gmt":"2026-01-19T05:02:59","slug":"ao-dai-cach-tan-nam-c1-c2","status":"publish","type":"product","link":"http:\/\/shopchothue.com\/?product=ao-dai-cach-tan-nam-c1-c2","title":{"rendered":"\u00c1o D\u00e0i C\u00e1ch T\u00e2n Nam c1-c2"},"content":{"rendered":"<p><img loading=\"lazy\" class=\"alignnone size-medium wp-image-6551\" src=\"http:\/\/shopchothue.com\/wp-content\/uploads\/2026\/01\/16AC1-s6-4-C1-s7-4-C2-s8-4C2-s94-292x400.jpg\" alt=\"\" width=\"292\" height=\"400\" srcset=\"http:\/\/shopchothue.com\/wp-content\/uploads\/2026\/01\/16AC1-s6-4-C1-s7-4-C2-s8-4C2-s94-292x400.jpg 292w, http:\/\/shopchothue.com\/wp-content\/uploads\/2026\/01\/16AC1-s6-4-C1-s7-4-C2-s8-4C2-s94-584x800.jpg 584w, http:\/\/shopchothue.com\/wp-content\/uploads\/2026\/01\/16AC1-s6-4-C1-s7-4-C2-s8-4C2-s94-768x1052.jpg 768w, http:\/\/shopchothue.com\/wp-content\/uploads\/2026\/01\/16AC1-s6-4-C1-s7-4-C2-s8-4C2-s94-510x699.jpg 510w, http:\/\/shopchothue.com\/wp-content\/uploads\/2026\/01\/16AC1-s6-4-C1-s7-4-C2-s8-4C2-s94.jpg 864w\" sizes=\"(max-width: 292px) 100vw, 292px\" \/><\/p>\n","protected":false},"excerpt":{"rendered":"","protected":false},"featured_media":6551,"template":"","meta":[],"product_cat":[60,62,64],"product_tag":[],"_links":{"self":[{"href":"http:\/\/shopchothue.com\/index.php?rest_route=\/wp\/v2\/product\/6550"}],"collection":[{"href":"http:\/\/shopchothue.com\/index.php?rest_route=\/wp\/v2\/product"}],"about":[{"href":"http:\/\/shopchothue.com\/index.php?rest_route=\/wp\/v2\/types\/product"}],"wp:featuredmedia":[{"embeddable":true,"href":"http:\/\/shopchothue.com\/index.php?rest_route=\/wp\/v2\/media\/6551"}],"wp:attachment":[{"href":"http:\/\/shopchothue.com\/index.php?rest_route=%2Fwp%2Fv2%2Fmedia&parent=6550"}],"wp:term":[{"taxonomy":"product_cat","embeddable":true,"href":"http:\/\/shopchothue.com\/index.php?rest_route=%2Fwp%2Fv2%2Fproduct_cat&post=6550"},{"taxonomy":"product_tag","embeddable":true,"href":"http:\/\/shopchothue.com\/index.php?rest_route=%2Fwp%2Fv2%2Fproduct_tag&post=6550"}],"curies":[{"name":"wp","href":"https:\/\/api.w.org\/{rel}","templated":true}]}}