{"id":6577,"date":"2026-02-05T11:20:08","date_gmt":"2026-02-05T11:20:08","guid":{"rendered":"https:\/\/shopchothue.com\/?post_type=product&#038;p=6577"},"modified":"2026-02-05T11:20:08","modified_gmt":"2026-02-05T11:20:08","slug":"ao-dai-cach-tan-nam-1315","status":"publish","type":"product","link":"http:\/\/shopchothue.com\/?product=ao-dai-cach-tan-nam-1315","title":{"rendered":"\u00c1o D\u00e0i C\u00e1ch T\u00e2n Nam 1315"},"content":{"rendered":"<p><img loading=\"lazy\" class=\"alignnone size-medium wp-image-6578\" src=\"http:\/\/shopchothue.com\/wp-content\/uploads\/2026\/02\/10A-S3-M3-L2-XL2-300x400.jpg\" alt=\"\" width=\"300\" height=\"400\" srcset=\"http:\/\/shopchothue.com\/wp-content\/uploads\/2026\/02\/10A-S3-M3-L2-XL2-300x400.jpg 300w, http:\/\/shopchothue.com\/wp-content\/uploads\/2026\/02\/10A-S3-M3-L2-XL2-600x800.jpg 600w, http:\/\/shopchothue.com\/wp-content\/uploads\/2026\/02\/10A-S3-M3-L2-XL2-768x1024.jpg 768w, http:\/\/shopchothue.com\/wp-content\/uploads\/2026\/02\/10A-S3-M3-L2-XL2-1152x1536.jpg 1152w, http:\/\/shopchothue.com\/wp-content\/uploads\/2026\/02\/10A-S3-M3-L2-XL2-1536x2048.jpg 1536w, http:\/\/shopchothue.com\/wp-content\/uploads\/2026\/02\/10A-S3-M3-L2-XL2-510x680.jpg 510w, http:\/\/shopchothue.com\/wp-content\/uploads\/2026\/02\/10A-S3-M3-L2-XL2.jpg 1920w\" sizes=\"(max-width: 300px) 100vw, 300px\" \/><\/p>\n","protected":false},"excerpt":{"rendered":"","protected":false},"featured_media":6578,"template":"","meta":[],"product_cat":[60,62],"product_tag":[],"_links":{"self":[{"href":"http:\/\/shopchothue.com\/index.php?rest_route=\/wp\/v2\/product\/6577"}],"collection":[{"href":"http:\/\/shopchothue.com\/index.php?rest_route=\/wp\/v2\/product"}],"about":[{"href":"http:\/\/shopchothue.com\/index.php?rest_route=\/wp\/v2\/types\/product"}],"wp:featuredmedia":[{"embeddable":true,"href":"http:\/\/shopchothue.com\/index.php?rest_route=\/wp\/v2\/media\/6578"}],"wp:attachment":[{"href":"http:\/\/shopchothue.com\/index.php?rest_route=%2Fwp%2Fv2%2Fmedia&parent=6577"}],"wp:term":[{"taxonomy":"product_cat","embeddable":true,"href":"http:\/\/shopchothue.com\/index.php?rest_route=%2Fwp%2Fv2%2Fproduct_cat&post=6577"},{"taxonomy":"product_tag","embeddable":true,"href":"http:\/\/shopchothue.com\/index.php?rest_route=%2Fwp%2Fv2%2Fproduct_tag&post=6577"}],"curies":[{"name":"wp","href":"https:\/\/api.w.org\/{rel}","templated":true}]}}