{"id":6597,"date":"2026-03-02T08:30:45","date_gmt":"2026-03-02T08:30:45","guid":{"rendered":"https:\/\/shopchothue.com\/?post_type=product&#038;p=6597"},"modified":"2026-03-02T08:30:46","modified_gmt":"2026-03-02T08:30:46","slug":"ao-dai-cach-tan-a10","status":"publish","type":"product","link":"http:\/\/shopchothue.com\/?product=ao-dai-cach-tan-a10","title":{"rendered":"A\u00f3 D\u00e0i C\u00e1ch T\u00e2n a10"},"content":{"rendered":"<p><img loading=\"lazy\" class=\"alignnone size-medium wp-image-6599\" src=\"http:\/\/shopchothue.com\/wp-content\/uploads\/2026\/03\/10A-498x400.jpg\" alt=\"\" width=\"498\" height=\"400\" srcset=\"http:\/\/shopchothue.com\/wp-content\/uploads\/2026\/03\/10A-498x400.jpg 498w, http:\/\/shopchothue.com\/wp-content\/uploads\/2026\/03\/10A-510x409.jpg 510w, http:\/\/shopchothue.com\/wp-content\/uploads\/2026\/03\/10A.jpg 567w\" sizes=\"(max-width: 498px) 100vw, 498px\" \/><\/p>\n","protected":false},"excerpt":{"rendered":"","protected":false},"featured_media":6599,"template":"","meta":[],"product_cat":[60,61],"product_tag":[],"_links":{"self":[{"href":"http:\/\/shopchothue.com\/index.php?rest_route=\/wp\/v2\/product\/6597"}],"collection":[{"href":"http:\/\/shopchothue.com\/index.php?rest_route=\/wp\/v2\/product"}],"about":[{"href":"http:\/\/shopchothue.com\/index.php?rest_route=\/wp\/v2\/types\/product"}],"wp:featuredmedia":[{"embeddable":true,"href":"http:\/\/shopchothue.com\/index.php?rest_route=\/wp\/v2\/media\/6599"}],"wp:attachment":[{"href":"http:\/\/shopchothue.com\/index.php?rest_route=%2Fwp%2Fv2%2Fmedia&parent=6597"}],"wp:term":[{"taxonomy":"product_cat","embeddable":true,"href":"http:\/\/shopchothue.com\/index.php?rest_route=%2Fwp%2Fv2%2Fproduct_cat&post=6597"},{"taxonomy":"product_tag","embeddable":true,"href":"http:\/\/shopchothue.com\/index.php?rest_route=%2Fwp%2Fv2%2Fproduct_tag&post=6597"}],"curies":[{"name":"wp","href":"https:\/\/api.w.org\/{rel}","templated":true}]}}