{"id":1040,"date":"2022-03-25T08:55:58","date_gmt":"2022-03-25T08:55:58","guid":{"rendered":"https:\/\/shopchothue.com\/?post_type=product&#038;p=1040"},"modified":"2022-03-25T08:55:58","modified_gmt":"2022-03-25T08:55:58","slug":"ao-dai-nam-cach-tan-3","status":"publish","type":"product","link":"https:\/\/shopchothue.com\/?product=ao-dai-nam-cach-tan-3","title":{"rendered":"\u00c1o D\u00e0i Nam C\u00e1ch T\u00e2n 3"},"content":{"rendered":"<p><img loading=\"lazy\" class=\"alignnone size-medium wp-image-1041\" src=\"http:\/\/shopchothue.com\/wp-content\/uploads\/2022\/03\/7f74d5f2af3f5161082e-266x400.jpg\" alt=\"\" width=\"266\" height=\"400\" srcset=\"https:\/\/shopchothue.com\/wp-content\/uploads\/2022\/03\/7f74d5f2af3f5161082e-266x400.jpg 266w, https:\/\/shopchothue.com\/wp-content\/uploads\/2022\/03\/7f74d5f2af3f5161082e-533x800.jpg 533w, https:\/\/shopchothue.com\/wp-content\/uploads\/2022\/03\/7f74d5f2af3f5161082e-768x1154.jpg 768w, https:\/\/shopchothue.com\/wp-content\/uploads\/2022\/03\/7f74d5f2af3f5161082e-510x766.jpg 510w, https:\/\/shopchothue.com\/wp-content\/uploads\/2022\/03\/7f74d5f2af3f5161082e.jpg 852w\" sizes=\"(max-width: 266px) 100vw, 266px\" \/><\/p>\n","protected":false},"excerpt":{"rendered":"<p>\u00c1o d\u00e0i nam c\u00e1ch t\u00e2n<\/p>\n<p>120k\/ \u00e1o free size<\/p>\n","protected":false},"featured_media":1041,"template":"","meta":[],"product_cat":[60,62],"product_tag":[],"_links":{"self":[{"href":"https:\/\/shopchothue.com\/index.php?rest_route=\/wp\/v2\/product\/1040"}],"collection":[{"href":"https:\/\/shopchothue.com\/index.php?rest_route=\/wp\/v2\/product"}],"about":[{"href":"https:\/\/shopchothue.com\/index.php?rest_route=\/wp\/v2\/types\/product"}],"wp:featuredmedia":[{"embeddable":true,"href":"https:\/\/shopchothue.com\/index.php?rest_route=\/wp\/v2\/media\/1041"}],"wp:attachment":[{"href":"https:\/\/shopchothue.com\/index.php?rest_route=%2Fwp%2Fv2%2Fmedia&parent=1040"}],"wp:term":[{"taxonomy":"product_cat","embeddable":true,"href":"https:\/\/shopchothue.com\/index.php?rest_route=%2Fwp%2Fv2%2Fproduct_cat&post=1040"},{"taxonomy":"product_tag","embeddable":true,"href":"https:\/\/shopchothue.com\/index.php?rest_route=%2Fwp%2Fv2%2Fproduct_tag&post=1040"}],"curies":[{"name":"wp","href":"https:\/\/api.w.org\/{rel}","templated":true}]}}