{"id":1048,"date":"2022-03-25T09:03:39","date_gmt":"2022-03-25T09:03:39","guid":{"rendered":"https:\/\/shopchothue.com\/?post_type=product&#038;p=1048"},"modified":"2022-03-25T09:03:39","modified_gmt":"2022-03-25T09:03:39","slug":"ao-dai-nam-cach-tan-7","status":"publish","type":"product","link":"https:\/\/shopchothue.com\/?product=ao-dai-nam-cach-tan-7","title":{"rendered":"\u00c1o D\u00e0i Nam C\u00e1ch T\u00e2n 7"},"content":{"rendered":"<p><img loading=\"lazy\" class=\"alignnone size-medium wp-image-1049\" src=\"http:\/\/shopchothue.com\/wp-content\/uploads\/2022\/03\/133773324_3581481568588029_8912470878455338977_n-267x400.jpg\" alt=\"\" width=\"267\" height=\"400\" srcset=\"https:\/\/shopchothue.com\/wp-content\/uploads\/2022\/03\/133773324_3581481568588029_8912470878455338977_n-267x400.jpg 267w, https:\/\/shopchothue.com\/wp-content\/uploads\/2022\/03\/133773324_3581481568588029_8912470878455338977_n-533x800.jpg 533w, https:\/\/shopchothue.com\/wp-content\/uploads\/2022\/03\/133773324_3581481568588029_8912470878455338977_n-510x765.jpg 510w, https:\/\/shopchothue.com\/wp-content\/uploads\/2022\/03\/133773324_3581481568588029_8912470878455338977_n.jpg 640w\" sizes=\"(max-width: 267px) 100vw, 267px\" \/><\/p>\n","protected":false},"excerpt":{"rendered":"<p>\u00c1o d\u00e0i nam c\u00e1ch t\u00e2n<\/p>\n<p>120k\/ \u00e1o free size<\/p>\n","protected":false},"featured_media":1049,"template":"","meta":[],"product_cat":[60,62],"product_tag":[],"_links":{"self":[{"href":"https:\/\/shopchothue.com\/index.php?rest_route=\/wp\/v2\/product\/1048"}],"collection":[{"href":"https:\/\/shopchothue.com\/index.php?rest_route=\/wp\/v2\/product"}],"about":[{"href":"https:\/\/shopchothue.com\/index.php?rest_route=\/wp\/v2\/types\/product"}],"wp:featuredmedia":[{"embeddable":true,"href":"https:\/\/shopchothue.com\/index.php?rest_route=\/wp\/v2\/media\/1049"}],"wp:attachment":[{"href":"https:\/\/shopchothue.com\/index.php?rest_route=%2Fwp%2Fv2%2Fmedia&parent=1048"}],"wp:term":[{"taxonomy":"product_cat","embeddable":true,"href":"https:\/\/shopchothue.com\/index.php?rest_route=%2Fwp%2Fv2%2Fproduct_cat&post=1048"},{"taxonomy":"product_tag","embeddable":true,"href":"https:\/\/shopchothue.com\/index.php?rest_route=%2Fwp%2Fv2%2Fproduct_tag&post=1048"}],"curies":[{"name":"wp","href":"https:\/\/api.w.org\/{rel}","templated":true}]}}