{"id":1054,"date":"2022-03-25T09:11:43","date_gmt":"2022-03-25T09:11:43","guid":{"rendered":"https:\/\/shopchothue.com\/?post_type=product&#038;p=1054"},"modified":"2022-03-25T09:11:44","modified_gmt":"2022-03-25T09:11:44","slug":"ao-dai-nam-cach-tan-10","status":"publish","type":"product","link":"https:\/\/shopchothue.com\/?product=ao-dai-nam-cach-tan-10","title":{"rendered":"\u00c1o D\u00e0i Nam C\u00e1ch T\u00e2n 10"},"content":{"rendered":"<p><img loading=\"lazy\" class=\"alignnone size-medium wp-image-1055\" src=\"http:\/\/shopchothue.com\/wp-content\/uploads\/2022\/03\/z2203731946061_52323de121a093bc54cfdde6971e6f6c-300x400.jpg\" alt=\"\" width=\"300\" height=\"400\" srcset=\"https:\/\/shopchothue.com\/wp-content\/uploads\/2022\/03\/z2203731946061_52323de121a093bc54cfdde6971e6f6c-300x400.jpg 300w, https:\/\/shopchothue.com\/wp-content\/uploads\/2022\/03\/z2203731946061_52323de121a093bc54cfdde6971e6f6c-600x800.jpg 600w, https:\/\/shopchothue.com\/wp-content\/uploads\/2022\/03\/z2203731946061_52323de121a093bc54cfdde6971e6f6c-510x680.jpg 510w, https:\/\/shopchothue.com\/wp-content\/uploads\/2022\/03\/z2203731946061_52323de121a093bc54cfdde6971e6f6c.jpg 720w\" sizes=\"(max-width: 300px) 100vw, 300px\" \/><\/p>\n","protected":false},"excerpt":{"rendered":"<p>\u00c1o d\u00e0i nam c\u00e1ch t\u00e2n<\/p>\n<p>120k\/ \u00e1o free size<\/p>\n","protected":false},"featured_media":1055,"template":"","meta":[],"product_cat":[60,62],"product_tag":[],"_links":{"self":[{"href":"https:\/\/shopchothue.com\/index.php?rest_route=\/wp\/v2\/product\/1054"}],"collection":[{"href":"https:\/\/shopchothue.com\/index.php?rest_route=\/wp\/v2\/product"}],"about":[{"href":"https:\/\/shopchothue.com\/index.php?rest_route=\/wp\/v2\/types\/product"}],"wp:featuredmedia":[{"embeddable":true,"href":"https:\/\/shopchothue.com\/index.php?rest_route=\/wp\/v2\/media\/1055"}],"wp:attachment":[{"href":"https:\/\/shopchothue.com\/index.php?rest_route=%2Fwp%2Fv2%2Fmedia&parent=1054"}],"wp:term":[{"taxonomy":"product_cat","embeddable":true,"href":"https:\/\/shopchothue.com\/index.php?rest_route=%2Fwp%2Fv2%2Fproduct_cat&post=1054"},{"taxonomy":"product_tag","embeddable":true,"href":"https:\/\/shopchothue.com\/index.php?rest_route=%2Fwp%2Fv2%2Fproduct_tag&post=1054"}],"curies":[{"name":"wp","href":"https:\/\/api.w.org\/{rel}","templated":true}]}}