{"id":1060,"date":"2022-03-25T09:18:29","date_gmt":"2022-03-25T09:18:29","guid":{"rendered":"https:\/\/shopchothue.com\/?post_type=product&#038;p=1060"},"modified":"2022-03-25T09:18:29","modified_gmt":"2022-03-25T09:18:29","slug":"vay-bong-hien-dai-2","status":"publish","type":"product","link":"https:\/\/shopchothue.com\/?product=vay-bong-hien-dai-2","title":{"rendered":"V\u00e1y B\u1ed3ng &#8211; Hi\u1ec7n \u0110\u1ea1i 2"},"content":{"rendered":"<p><img loading=\"lazy\" class=\"alignnone size-medium wp-image-1061\" src=\"http:\/\/shopchothue.com\/wp-content\/uploads\/2022\/03\/z2082567827125_07b29ce6ca4c732417c36ac3773de48a-571x400.jpg\" alt=\"\" width=\"571\" height=\"400\" srcset=\"https:\/\/shopchothue.com\/wp-content\/uploads\/2022\/03\/z2082567827125_07b29ce6ca4c732417c36ac3773de48a-571x400.jpg 571w, https:\/\/shopchothue.com\/wp-content\/uploads\/2022\/03\/z2082567827125_07b29ce6ca4c732417c36ac3773de48a-510x357.jpg 510w, https:\/\/shopchothue.com\/wp-content\/uploads\/2022\/03\/z2082567827125_07b29ce6ca4c732417c36ac3773de48a.jpg 745w\" sizes=\"(max-width: 571px) 100vw, 571px\" \/><\/p>\n","protected":false},"excerpt":{"rendered":"<p>v\u00e1y b\u1ed3ng hi\u1ec7n \u0111\u1ea1i<\/p>\n<p>v\u00e1u v\u00e0 \u00e1o<\/p>\n","protected":false},"featured_media":1061,"template":"","meta":[],"product_cat":[66],"product_tag":[],"_links":{"self":[{"href":"https:\/\/shopchothue.com\/index.php?rest_route=\/wp\/v2\/product\/1060"}],"collection":[{"href":"https:\/\/shopchothue.com\/index.php?rest_route=\/wp\/v2\/product"}],"about":[{"href":"https:\/\/shopchothue.com\/index.php?rest_route=\/wp\/v2\/types\/product"}],"wp:featuredmedia":[{"embeddable":true,"href":"https:\/\/shopchothue.com\/index.php?rest_route=\/wp\/v2\/media\/1061"}],"wp:attachment":[{"href":"https:\/\/shopchothue.com\/index.php?rest_route=%2Fwp%2Fv2%2Fmedia&parent=1060"}],"wp:term":[{"taxonomy":"product_cat","embeddable":true,"href":"https:\/\/shopchothue.com\/index.php?rest_route=%2Fwp%2Fv2%2Fproduct_cat&post=1060"},{"taxonomy":"product_tag","embeddable":true,"href":"https:\/\/shopchothue.com\/index.php?rest_route=%2Fwp%2Fv2%2Fproduct_tag&post=1060"}],"curies":[{"name":"wp","href":"https:\/\/api.w.org\/{rel}","templated":true}]}}