{"id":1149,"date":"2022-03-28T07:48:03","date_gmt":"2022-03-28T07:48:03","guid":{"rendered":"http:\/\/shopchothue.com\/?post_type=product&#038;p=1149"},"modified":"2022-03-28T07:48:03","modified_gmt":"2022-03-28T07:48:03","slug":"ao-trung-quoc-nam-do-vang","status":"publish","type":"product","link":"https:\/\/shopchothue.com\/?product=ao-trung-quoc-nam-do-vang","title":{"rendered":"\u00c1o Trung Qu\u1ed1c Nam \u0110\u1ecf &#8211; V\u00e0ng"},"content":{"rendered":"<p><img loading=\"lazy\" class=\"alignnone size-medium wp-image-1150\" src=\"http:\/\/shopchothue.com\/wp-content\/uploads\/2022\/03\/font-b-traditional-b-font-chinese-font-b-clothing-b-font-font-b-for-b-400x400.jpg\" alt=\"\" width=\"400\" height=\"400\" srcset=\"https:\/\/shopchothue.com\/wp-content\/uploads\/2022\/03\/font-b-traditional-b-font-chinese-font-b-clothing-b-font-font-b-for-b-400x400.jpg 400w, https:\/\/shopchothue.com\/wp-content\/uploads\/2022\/03\/font-b-traditional-b-font-chinese-font-b-clothing-b-font-font-b-for-b-280x280.jpg 280w, https:\/\/shopchothue.com\/wp-content\/uploads\/2022\/03\/font-b-traditional-b-font-chinese-font-b-clothing-b-font-font-b-for-b-768x768.jpg 768w, https:\/\/shopchothue.com\/wp-content\/uploads\/2022\/03\/font-b-traditional-b-font-chinese-font-b-clothing-b-font-font-b-for-b-510x510.jpg 510w, https:\/\/shopchothue.com\/wp-content\/uploads\/2022\/03\/font-b-traditional-b-font-chinese-font-b-clothing-b-font-font-b-for-b-100x100.jpg 100w, https:\/\/shopchothue.com\/wp-content\/uploads\/2022\/03\/font-b-traditional-b-font-chinese-font-b-clothing-b-font-font-b-for-b.jpg 800w\" sizes=\"(max-width: 400px) 100vw, 400px\" \/> <img loading=\"lazy\" class=\"alignnone size-medium wp-image-1151\" src=\"http:\/\/shopchothue.com\/wp-content\/uploads\/2022\/03\/Zalo_ScreenShot_24_11_2016_1055635-267x400.png\" alt=\"\" width=\"267\" height=\"400\" srcset=\"https:\/\/shopchothue.com\/wp-content\/uploads\/2022\/03\/Zalo_ScreenShot_24_11_2016_1055635-267x400.png 267w, https:\/\/shopchothue.com\/wp-content\/uploads\/2022\/03\/Zalo_ScreenShot_24_11_2016_1055635.png 500w\" sizes=\"(max-width: 267px) 100vw, 267px\" \/> <img loading=\"lazy\" class=\"alignnone size-medium wp-image-1152\" src=\"http:\/\/shopchothue.com\/wp-content\/uploads\/2022\/03\/Zalo_ScreenShot_24_11_2016_1056419-273x400.png\" alt=\"\" width=\"273\" height=\"400\" srcset=\"https:\/\/shopchothue.com\/wp-content\/uploads\/2022\/03\/Zalo_ScreenShot_24_11_2016_1056419-273x400.png 273w, https:\/\/shopchothue.com\/wp-content\/uploads\/2022\/03\/Zalo_ScreenShot_24_11_2016_1056419-510x748.png 510w, https:\/\/shopchothue.com\/wp-content\/uploads\/2022\/03\/Zalo_ScreenShot_24_11_2016_1056419.png 512w\" sizes=\"(max-width: 273px) 100vw, 273px\" \/><\/p>\n","protected":false},"excerpt":{"rendered":"<p>\u00c1o Trung Qu\u1ed1c Nam<\/p>\n<p>c\u00f3 2 m\u00e0u: \u0111\u1ecf v\u00e0 v\u00e0ng<\/p>\n","protected":false},"featured_media":1150,"template":"","meta":[],"product_cat":[68],"product_tag":[],"_links":{"self":[{"href":"https:\/\/shopchothue.com\/index.php?rest_route=\/wp\/v2\/product\/1149"}],"collection":[{"href":"https:\/\/shopchothue.com\/index.php?rest_route=\/wp\/v2\/product"}],"about":[{"href":"https:\/\/shopchothue.com\/index.php?rest_route=\/wp\/v2\/types\/product"}],"wp:featuredmedia":[{"embeddable":true,"href":"https:\/\/shopchothue.com\/index.php?rest_route=\/wp\/v2\/media\/1150"}],"wp:attachment":[{"href":"https:\/\/shopchothue.com\/index.php?rest_route=%2Fwp%2Fv2%2Fmedia&parent=1149"}],"wp:term":[{"taxonomy":"product_cat","embeddable":true,"href":"https:\/\/shopchothue.com\/index.php?rest_route=%2Fwp%2Fv2%2Fproduct_cat&post=1149"},{"taxonomy":"product_tag","embeddable":true,"href":"https:\/\/shopchothue.com\/index.php?rest_route=%2Fwp%2Fv2%2Fproduct_tag&post=1149"}],"curies":[{"name":"wp","href":"https:\/\/api.w.org\/{rel}","templated":true}]}}