{"id":1173,"date":"2022-03-28T09:24:30","date_gmt":"2022-03-28T09:24:30","guid":{"rendered":"http:\/\/shopchothue.com\/?post_type=product&#038;p=1173"},"modified":"2023-10-16T03:31:53","modified_gmt":"2023-10-16T03:31:53","slug":"chau-au-nu-2","status":"publish","type":"product","link":"https:\/\/shopchothue.com\/?product=chau-au-nu-2","title":{"rendered":"Ch\u00e2u \u00c2u N\u1eef 2"},"content":{"rendered":"<p><img loading=\"lazy\" class=\"alignnone size-medium wp-image-1172\" src=\"http:\/\/shopchothue.com\/wp-content\/uploads\/2022\/03\/z735812429878_91d7fd4c522bffec5fca4c691fdfbc2d-276x400.png\" alt=\"\" width=\"276\" height=\"400\" srcset=\"https:\/\/shopchothue.com\/wp-content\/uploads\/2022\/03\/z735812429878_91d7fd4c522bffec5fca4c691fdfbc2d-276x400.png 276w, https:\/\/shopchothue.com\/wp-content\/uploads\/2022\/03\/z735812429878_91d7fd4c522bffec5fca4c691fdfbc2d.png 506w\" sizes=\"(max-width: 276px) 100vw, 276px\" \/> <img loading=\"lazy\" class=\"alignnone size-medium wp-image-1168\" src=\"http:\/\/shopchothue.com\/wp-content\/uploads\/2022\/03\/73498043_1775749545883574_624616672950484992_o-400x400.jpg\" alt=\"\" width=\"400\" height=\"400\" srcset=\"https:\/\/shopchothue.com\/wp-content\/uploads\/2022\/03\/73498043_1775749545883574_624616672950484992_o-400x400.jpg 400w, https:\/\/shopchothue.com\/wp-content\/uploads\/2022\/03\/73498043_1775749545883574_624616672950484992_o-800x800.jpg 800w, https:\/\/shopchothue.com\/wp-content\/uploads\/2022\/03\/73498043_1775749545883574_624616672950484992_o-280x280.jpg 280w, https:\/\/shopchothue.com\/wp-content\/uploads\/2022\/03\/73498043_1775749545883574_624616672950484992_o-768x768.jpg 768w, https:\/\/shopchothue.com\/wp-content\/uploads\/2022\/03\/73498043_1775749545883574_624616672950484992_o-510x510.jpg 510w, https:\/\/shopchothue.com\/wp-content\/uploads\/2022\/03\/73498043_1775749545883574_624616672950484992_o-100x100.jpg 100w, https:\/\/shopchothue.com\/wp-content\/uploads\/2022\/03\/73498043_1775749545883574_624616672950484992_o.jpg 960w\" sizes=\"(max-width: 400px) 100vw, 400px\" \/><\/p>\n","protected":false},"excerpt":{"rendered":"<p>V\u00e1y ch\u01b0a bao g\u1ed3m t\u00f9ng v\u00e1y<\/p>\n<p>t\u00f9ng v\u00e1y thu\u00ea: 40k<\/p>\n","protected":false},"featured_media":1172,"template":"","meta":[],"product_cat":[56,68],"product_tag":[],"_links":{"self":[{"href":"https:\/\/shopchothue.com\/index.php?rest_route=\/wp\/v2\/product\/1173"}],"collection":[{"href":"https:\/\/shopchothue.com\/index.php?rest_route=\/wp\/v2\/product"}],"about":[{"href":"https:\/\/shopchothue.com\/index.php?rest_route=\/wp\/v2\/types\/product"}],"wp:featuredmedia":[{"embeddable":true,"href":"https:\/\/shopchothue.com\/index.php?rest_route=\/wp\/v2\/media\/1172"}],"wp:attachment":[{"href":"https:\/\/shopchothue.com\/index.php?rest_route=%2Fwp%2Fv2%2Fmedia&parent=1173"}],"wp:term":[{"taxonomy":"product_cat","embeddable":true,"href":"https:\/\/shopchothue.com\/index.php?rest_route=%2Fwp%2Fv2%2Fproduct_cat&post=1173"},{"taxonomy":"product_tag","embeddable":true,"href":"https:\/\/shopchothue.com\/index.php?rest_route=%2Fwp%2Fv2%2Fproduct_tag&post=1173"}],"curies":[{"name":"wp","href":"https:\/\/api.w.org\/{rel}","templated":true}]}}