{"id":1195,"date":"2022-03-28T09:46:26","date_gmt":"2022-03-28T09:46:26","guid":{"rendered":"http:\/\/shopchothue.com\/?post_type=product&#038;p=1195"},"modified":"2022-03-28T09:46:26","modified_gmt":"2022-03-28T09:46:26","slug":"hankbok-han-quoc-nu-4","status":"publish","type":"product","link":"https:\/\/shopchothue.com\/?product=hankbok-han-quoc-nu-4","title":{"rendered":"HankBok-H\u00e0n Qu\u1ed1c N\u1eef 4"},"content":{"rendered":"<p><img loading=\"lazy\" class=\"alignnone size-medium wp-image-1189\" src=\"http:\/\/shopchothue.com\/wp-content\/uploads\/2022\/03\/122015658_371649777312558_3714241894536124190_n-400x400.jpg\" alt=\"\" width=\"400\" height=\"400\" srcset=\"https:\/\/shopchothue.com\/wp-content\/uploads\/2022\/03\/122015658_371649777312558_3714241894536124190_n-400x400.jpg 400w, https:\/\/shopchothue.com\/wp-content\/uploads\/2022\/03\/122015658_371649777312558_3714241894536124190_n-280x280.jpg 280w, https:\/\/shopchothue.com\/wp-content\/uploads\/2022\/03\/122015658_371649777312558_3714241894536124190_n-768x768.jpg 768w, https:\/\/shopchothue.com\/wp-content\/uploads\/2022\/03\/122015658_371649777312558_3714241894536124190_n-510x510.jpg 510w, https:\/\/shopchothue.com\/wp-content\/uploads\/2022\/03\/122015658_371649777312558_3714241894536124190_n-100x100.jpg 100w, https:\/\/shopchothue.com\/wp-content\/uploads\/2022\/03\/122015658_371649777312558_3714241894536124190_n.jpg 800w\" sizes=\"(max-width: 400px) 100vw, 400px\" \/><\/p>\n","protected":false},"excerpt":{"rendered":"<p>\u00e1o, kho\u00e1c, c\u00e0i<\/p>\n","protected":false},"featured_media":1189,"template":"","meta":[],"product_cat":[68],"product_tag":[],"_links":{"self":[{"href":"https:\/\/shopchothue.com\/index.php?rest_route=\/wp\/v2\/product\/1195"}],"collection":[{"href":"https:\/\/shopchothue.com\/index.php?rest_route=\/wp\/v2\/product"}],"about":[{"href":"https:\/\/shopchothue.com\/index.php?rest_route=\/wp\/v2\/types\/product"}],"wp:featuredmedia":[{"embeddable":true,"href":"https:\/\/shopchothue.com\/index.php?rest_route=\/wp\/v2\/media\/1189"}],"wp:attachment":[{"href":"https:\/\/shopchothue.com\/index.php?rest_route=%2Fwp%2Fv2%2Fmedia&parent=1195"}],"wp:term":[{"taxonomy":"product_cat","embeddable":true,"href":"https:\/\/shopchothue.com\/index.php?rest_route=%2Fwp%2Fv2%2Fproduct_cat&post=1195"},{"taxonomy":"product_tag","embeddable":true,"href":"https:\/\/shopchothue.com\/index.php?rest_route=%2Fwp%2Fv2%2Fproduct_tag&post=1195"}],"curies":[{"name":"wp","href":"https:\/\/api.w.org\/{rel}","templated":true}]}}