{"id":1196,"date":"2022-03-28T09:55:21","date_gmt":"2022-03-28T09:55:21","guid":{"rendered":"http:\/\/shopchothue.com\/?post_type=product&#038;p=1196"},"modified":"2022-03-28T09:55:21","modified_gmt":"2022-03-28T09:55:21","slug":"cong-chua-nguoi-depquai-vat","status":"publish","type":"product","link":"https:\/\/shopchothue.com\/?product=cong-chua-nguoi-depquai-vat","title":{"rendered":"C\u00f4ng Ch\u00faa-Ng\u01b0\u1eddi \u0110\u1eb9p&#038;Qu\u00e1i V\u1eadt"},"content":{"rendered":"<p><img loading=\"lazy\" class=\"alignnone size-medium wp-image-1197\" src=\"http:\/\/shopchothue.com\/wp-content\/uploads\/2022\/03\/126437554_362350245062280_253359041592877952_n-267x400.jpg\" alt=\"\" width=\"267\" height=\"400\" srcset=\"https:\/\/shopchothue.com\/wp-content\/uploads\/2022\/03\/126437554_362350245062280_253359041592877952_n-267x400.jpg 267w, https:\/\/shopchothue.com\/wp-content\/uploads\/2022\/03\/126437554_362350245062280_253359041592877952_n-533x800.jpg 533w, https:\/\/shopchothue.com\/wp-content\/uploads\/2022\/03\/126437554_362350245062280_253359041592877952_n-510x765.jpg 510w, https:\/\/shopchothue.com\/wp-content\/uploads\/2022\/03\/126437554_362350245062280_253359041592877952_n.jpg 750w\" sizes=\"(max-width: 267px) 100vw, 267px\" \/> <img loading=\"lazy\" class=\"alignnone size-medium wp-image-1198\" src=\"http:\/\/shopchothue.com\/wp-content\/uploads\/2022\/03\/126857019_1010800906012966_2068636607349292762_n-267x400.jpg\" alt=\"\" width=\"267\" height=\"400\" srcset=\"https:\/\/shopchothue.com\/wp-content\/uploads\/2022\/03\/126857019_1010800906012966_2068636607349292762_n-267x400.jpg 267w, https:\/\/shopchothue.com\/wp-content\/uploads\/2022\/03\/126857019_1010800906012966_2068636607349292762_n-533x800.jpg 533w, https:\/\/shopchothue.com\/wp-content\/uploads\/2022\/03\/126857019_1010800906012966_2068636607349292762_n-510x765.jpg 510w, https:\/\/shopchothue.com\/wp-content\/uploads\/2022\/03\/126857019_1010800906012966_2068636607349292762_n.jpg 750w\" sizes=\"(max-width: 267px) 100vw, 267px\" \/>&#8211;<\/p>\n","protected":false},"excerpt":{"rendered":"<p>B\u1ed9: v\u00e1y, bao tay<\/p>\n<p>T\u00f9ng v\u00e1y thu\u00ea: 40k<\/p>\n","protected":false},"featured_media":1198,"template":"","meta":[],"product_cat":[56,68],"product_tag":[],"_links":{"self":[{"href":"https:\/\/shopchothue.com\/index.php?rest_route=\/wp\/v2\/product\/1196"}],"collection":[{"href":"https:\/\/shopchothue.com\/index.php?rest_route=\/wp\/v2\/product"}],"about":[{"href":"https:\/\/shopchothue.com\/index.php?rest_route=\/wp\/v2\/types\/product"}],"wp:featuredmedia":[{"embeddable":true,"href":"https:\/\/shopchothue.com\/index.php?rest_route=\/wp\/v2\/media\/1198"}],"wp:attachment":[{"href":"https:\/\/shopchothue.com\/index.php?rest_route=%2Fwp%2Fv2%2Fmedia&parent=1196"}],"wp:term":[{"taxonomy":"product_cat","embeddable":true,"href":"https:\/\/shopchothue.com\/index.php?rest_route=%2Fwp%2Fv2%2Fproduct_cat&post=1196"},{"taxonomy":"product_tag","embeddable":true,"href":"https:\/\/shopchothue.com\/index.php?rest_route=%2Fwp%2Fv2%2Fproduct_tag&post=1196"}],"curies":[{"name":"wp","href":"https:\/\/api.w.org\/{rel}","templated":true}]}}