{"id":1349,"date":"2022-03-29T07:16:05","date_gmt":"2022-03-29T07:16:05","guid":{"rendered":"https:\/\/shopchothue.com\/?post_type=product&#038;p=1349"},"modified":"2022-03-29T07:16:06","modified_gmt":"2022-03-29T07:16:06","slug":"tao-quan-nam-tao-bac-dau-trang","status":"publish","type":"product","link":"https:\/\/shopchothue.com\/?product=tao-quan-nam-tao-bac-dau-trang","title":{"rendered":"T\u00e1o Qu\u00e2n-Nam T\u00e0o-B\u1eafc \u0110\u1ea9u Tr\u1eafng"},"content":{"rendered":"<p><img loading=\"lazy\" class=\"alignnone size-medium wp-image-1348\" src=\"http:\/\/shopchothue.com\/wp-content\/uploads\/2022\/03\/z3299236578941_5ffddb8fc2a29a0bb4d5130e758d1451-470x400.jpg\" alt=\"\" width=\"470\" height=\"400\" srcset=\"https:\/\/shopchothue.com\/wp-content\/uploads\/2022\/03\/z3299236578941_5ffddb8fc2a29a0bb4d5130e758d1451-470x400.jpg 470w, https:\/\/shopchothue.com\/wp-content\/uploads\/2022\/03\/z3299236578941_5ffddb8fc2a29a0bb4d5130e758d1451-510x434.jpg 510w, https:\/\/shopchothue.com\/wp-content\/uploads\/2022\/03\/z3299236578941_5ffddb8fc2a29a0bb4d5130e758d1451.jpg 720w\" sizes=\"(max-width: 470px) 100vw, 470px\" \/><\/p>\n","protected":false},"excerpt":{"rendered":"<h2>\u0110VT: B\u1ed9 (\u00e1o, qu\u1ea7n, m\u00e3o, h\u00e0i, \u0111ai)<\/h2>\n","protected":false},"featured_media":1348,"template":"","meta":[],"product_cat":[73],"product_tag":[],"_links":{"self":[{"href":"https:\/\/shopchothue.com\/index.php?rest_route=\/wp\/v2\/product\/1349"}],"collection":[{"href":"https:\/\/shopchothue.com\/index.php?rest_route=\/wp\/v2\/product"}],"about":[{"href":"https:\/\/shopchothue.com\/index.php?rest_route=\/wp\/v2\/types\/product"}],"wp:featuredmedia":[{"embeddable":true,"href":"https:\/\/shopchothue.com\/index.php?rest_route=\/wp\/v2\/media\/1348"}],"wp:attachment":[{"href":"https:\/\/shopchothue.com\/index.php?rest_route=%2Fwp%2Fv2%2Fmedia&parent=1349"}],"wp:term":[{"taxonomy":"product_cat","embeddable":true,"href":"https:\/\/shopchothue.com\/index.php?rest_route=%2Fwp%2Fv2%2Fproduct_cat&post=1349"},{"taxonomy":"product_tag","embeddable":true,"href":"https:\/\/shopchothue.com\/index.php?rest_route=%2Fwp%2Fv2%2Fproduct_tag&post=1349"}],"curies":[{"name":"wp","href":"https:\/\/api.w.org\/{rel}","templated":true}]}}