{"id":1356,"date":"2022-03-29T07:28:25","date_gmt":"2022-03-29T07:28:25","guid":{"rendered":"https:\/\/shopchothue.com\/?post_type=product&#038;p=1356"},"modified":"2022-03-29T07:28:25","modified_gmt":"2022-03-29T07:28:25","slug":"cong-chua-chi-hang-hong-sen","status":"publish","type":"product","link":"https:\/\/shopchothue.com\/?product=cong-chua-chi-hang-hong-sen","title":{"rendered":"C\u00f4ng Ch\u00faa-Ch\u1ecb H\u1eb1ng H\u1ed3ng Sen"},"content":{"rendered":"<p><img loading=\"lazy\" class=\"alignnone size-medium wp-image-1357\" src=\"http:\/\/shopchothue.com\/wp-content\/uploads\/2022\/03\/119427532_1609865829192165_3263833101489109577_n-300x400.jpg\" alt=\"\" width=\"300\" height=\"400\" srcset=\"https:\/\/shopchothue.com\/wp-content\/uploads\/2022\/03\/119427532_1609865829192165_3263833101489109577_n-300x400.jpg 300w, https:\/\/shopchothue.com\/wp-content\/uploads\/2022\/03\/119427532_1609865829192165_3263833101489109577_n-600x800.jpg 600w, https:\/\/shopchothue.com\/wp-content\/uploads\/2022\/03\/119427532_1609865829192165_3263833101489109577_n-510x680.jpg 510w, https:\/\/shopchothue.com\/wp-content\/uploads\/2022\/03\/119427532_1609865829192165_3263833101489109577_n.jpg 720w\" sizes=\"(max-width: 300px) 100vw, 300px\" \/><\/p>\n","protected":false},"excerpt":{"rendered":"<p>B\u1ed9: \u00e1o, kho\u00e1c, \u0111ai<\/p>\n","protected":false},"featured_media":1357,"template":"","meta":[],"product_cat":[58],"product_tag":[],"_links":{"self":[{"href":"https:\/\/shopchothue.com\/index.php?rest_route=\/wp\/v2\/product\/1356"}],"collection":[{"href":"https:\/\/shopchothue.com\/index.php?rest_route=\/wp\/v2\/product"}],"about":[{"href":"https:\/\/shopchothue.com\/index.php?rest_route=\/wp\/v2\/types\/product"}],"wp:featuredmedia":[{"embeddable":true,"href":"https:\/\/shopchothue.com\/index.php?rest_route=\/wp\/v2\/media\/1357"}],"wp:attachment":[{"href":"https:\/\/shopchothue.com\/index.php?rest_route=%2Fwp%2Fv2%2Fmedia&parent=1356"}],"wp:term":[{"taxonomy":"product_cat","embeddable":true,"href":"https:\/\/shopchothue.com\/index.php?rest_route=%2Fwp%2Fv2%2Fproduct_cat&post=1356"},{"taxonomy":"product_tag","embeddable":true,"href":"https:\/\/shopchothue.com\/index.php?rest_route=%2Fwp%2Fv2%2Fproduct_tag&post=1356"}],"curies":[{"name":"wp","href":"https:\/\/api.w.org\/{rel}","templated":true}]}}