{"id":1374,"date":"2022-03-29T07:48:13","date_gmt":"2022-03-29T07:48:13","guid":{"rendered":"https:\/\/shopchothue.com\/?post_type=product&#038;p=1374"},"modified":"2022-03-29T07:48:13","modified_gmt":"2022-03-29T07:48:13","slug":"cuong-thi-thai-giam-nha-thanh-xanh","status":"publish","type":"product","link":"https:\/\/shopchothue.com\/?product=cuong-thi-thai-giam-nha-thanh-xanh","title":{"rendered":"C\u01b0\u01a1ng Thi-Th\u00e1i Gi\u00e1m Nh\u00e0 Thanh (xanh)"},"content":{"rendered":"<p><img loading=\"lazy\" class=\"alignnone size-full wp-image-1375\" src=\"http:\/\/shopchothue.com\/wp-content\/uploads\/2022\/03\/download-11.jpg\" alt=\"\" width=\"225\" height=\"225\" srcset=\"https:\/\/shopchothue.com\/wp-content\/uploads\/2022\/03\/download-11.jpg 225w, https:\/\/shopchothue.com\/wp-content\/uploads\/2022\/03\/download-11-100x100.jpg 100w\" sizes=\"(max-width: 225px) 100vw, 225px\" \/><\/p>\n","protected":false},"excerpt":{"rendered":"","protected":false},"featured_media":1375,"template":"","meta":[],"product_cat":[56,58],"product_tag":[],"_links":{"self":[{"href":"https:\/\/shopchothue.com\/index.php?rest_route=\/wp\/v2\/product\/1374"}],"collection":[{"href":"https:\/\/shopchothue.com\/index.php?rest_route=\/wp\/v2\/product"}],"about":[{"href":"https:\/\/shopchothue.com\/index.php?rest_route=\/wp\/v2\/types\/product"}],"wp:featuredmedia":[{"embeddable":true,"href":"https:\/\/shopchothue.com\/index.php?rest_route=\/wp\/v2\/media\/1375"}],"wp:attachment":[{"href":"https:\/\/shopchothue.com\/index.php?rest_route=%2Fwp%2Fv2%2Fmedia&parent=1374"}],"wp:term":[{"taxonomy":"product_cat","embeddable":true,"href":"https:\/\/shopchothue.com\/index.php?rest_route=%2Fwp%2Fv2%2Fproduct_cat&post=1374"},{"taxonomy":"product_tag","embeddable":true,"href":"https:\/\/shopchothue.com\/index.php?rest_route=%2Fwp%2Fv2%2Fproduct_tag&post=1374"}],"curies":[{"name":"wp","href":"https:\/\/api.w.org\/{rel}","templated":true}]}}