{"id":1432,"date":"2022-03-30T04:49:36","date_gmt":"2022-03-30T04:49:36","guid":{"rendered":"http:\/\/shopchothue.com\/?post_type=product&#038;p=1432"},"modified":"2022-03-30T04:49:37","modified_gmt":"2022-03-30T04:49:37","slug":"dan-toc-e-de-nu","status":"publish","type":"product","link":"https:\/\/shopchothue.com\/?product=dan-toc-e-de-nu","title":{"rendered":"D\u00e2n T\u1ed9c \u00ca \u0110\u00ea N\u1eef"},"content":{"rendered":"<p><img loading=\"lazy\" class=\"alignnone size-medium wp-image-1433\" src=\"http:\/\/shopchothue.com\/wp-content\/uploads\/2022\/03\/Dan-toc-E-de.2-267x400.jpg\" alt=\"\" width=\"267\" height=\"400\" srcset=\"https:\/\/shopchothue.com\/wp-content\/uploads\/2022\/03\/Dan-toc-E-de.2-267x400.jpg 267w, https:\/\/shopchothue.com\/wp-content\/uploads\/2022\/03\/Dan-toc-E-de.2.jpg 500w\" sizes=\"(max-width: 267px) 100vw, 267px\" \/><\/p>\n","protected":false},"excerpt":{"rendered":"","protected":false},"featured_media":1433,"template":"","meta":[],"product_cat":[72],"product_tag":[],"_links":{"self":[{"href":"https:\/\/shopchothue.com\/index.php?rest_route=\/wp\/v2\/product\/1432"}],"collection":[{"href":"https:\/\/shopchothue.com\/index.php?rest_route=\/wp\/v2\/product"}],"about":[{"href":"https:\/\/shopchothue.com\/index.php?rest_route=\/wp\/v2\/types\/product"}],"wp:featuredmedia":[{"embeddable":true,"href":"https:\/\/shopchothue.com\/index.php?rest_route=\/wp\/v2\/media\/1433"}],"wp:attachment":[{"href":"https:\/\/shopchothue.com\/index.php?rest_route=%2Fwp%2Fv2%2Fmedia&parent=1432"}],"wp:term":[{"taxonomy":"product_cat","embeddable":true,"href":"https:\/\/shopchothue.com\/index.php?rest_route=%2Fwp%2Fv2%2Fproduct_cat&post=1432"},{"taxonomy":"product_tag","embeddable":true,"href":"https:\/\/shopchothue.com\/index.php?rest_route=%2Fwp%2Fv2%2Fproduct_tag&post=1432"}],"curies":[{"name":"wp","href":"https:\/\/api.w.org\/{rel}","templated":true}]}}