{"id":1588,"date":"2022-05-31T03:59:23","date_gmt":"2022-05-31T03:59:23","guid":{"rendered":"http:\/\/shopchothue.com\/?post_type=product&#038;p=1588"},"modified":"2025-08-28T09:26:33","modified_gmt":"2025-08-28T09:26:33","slug":"ao-dai-cach-tan-nu-01","status":"publish","type":"product","link":"https:\/\/shopchothue.com\/?product=ao-dai-cach-tan-nu-01","title":{"rendered":"\u00c1o D\u00e0i C\u00e1ch T\u00e2n N\u1eef 01"},"content":{"rendered":"<p><img loading=\"lazy\" class=\"alignnone size-medium wp-image-1589\" src=\"http:\/\/shopchothue.com\/wp-content\/uploads\/2022\/05\/279728200_530384761861818_1398588843154453507_n-455x400.jpg\" alt=\"\" width=\"455\" height=\"400\" srcset=\"https:\/\/shopchothue.com\/wp-content\/uploads\/2022\/05\/279728200_530384761861818_1398588843154453507_n-455x400.jpg 455w, https:\/\/shopchothue.com\/wp-content\/uploads\/2022\/05\/279728200_530384761861818_1398588843154453507_n-510x449.jpg 510w, https:\/\/shopchothue.com\/wp-content\/uploads\/2022\/05\/279728200_530384761861818_1398588843154453507_n.jpg 675w\" sizes=\"(max-width: 455px) 100vw, 455px\" \/><\/p>\n","protected":false},"excerpt":{"rendered":"","protected":false},"featured_media":1589,"template":"","meta":[],"product_cat":[60,61],"product_tag":[],"_links":{"self":[{"href":"https:\/\/shopchothue.com\/index.php?rest_route=\/wp\/v2\/product\/1588"}],"collection":[{"href":"https:\/\/shopchothue.com\/index.php?rest_route=\/wp\/v2\/product"}],"about":[{"href":"https:\/\/shopchothue.com\/index.php?rest_route=\/wp\/v2\/types\/product"}],"wp:featuredmedia":[{"embeddable":true,"href":"https:\/\/shopchothue.com\/index.php?rest_route=\/wp\/v2\/media\/1589"}],"wp:attachment":[{"href":"https:\/\/shopchothue.com\/index.php?rest_route=%2Fwp%2Fv2%2Fmedia&parent=1588"}],"wp:term":[{"taxonomy":"product_cat","embeddable":true,"href":"https:\/\/shopchothue.com\/index.php?rest_route=%2Fwp%2Fv2%2Fproduct_cat&post=1588"},{"taxonomy":"product_tag","embeddable":true,"href":"https:\/\/shopchothue.com\/index.php?rest_route=%2Fwp%2Fv2%2Fproduct_tag&post=1588"}],"curies":[{"name":"wp","href":"https:\/\/api.w.org\/{rel}","templated":true}]}}