{"id":2070,"date":"2022-09-27T06:27:47","date_gmt":"2022-09-27T06:27:47","guid":{"rendered":"http:\/\/shopchothue.com\/?post_type=product&#038;p=2070"},"modified":"2025-08-28T09:10:49","modified_gmt":"2025-08-28T09:10:49","slug":"sieu-nhan-den","status":"publish","type":"product","link":"https:\/\/shopchothue.com\/?product=sieu-nhan-den","title":{"rendered":"Si\u00eau Nh\u00e2n \u0110en"},"content":{"rendered":"<p><img loading=\"lazy\" src=\"http:\/\/shopchothue.com\/wp-content\/uploads\/2022\/09\/SIEU-NHAN-DEN-400x400.jpg\" alt=\"\" width=\"400\" height=\"400\" class=\"alignnone size-medium wp-image-2062\" srcset=\"https:\/\/shopchothue.com\/wp-content\/uploads\/2022\/09\/SIEU-NHAN-DEN-400x400.jpg 400w, https:\/\/shopchothue.com\/wp-content\/uploads\/2022\/09\/SIEU-NHAN-DEN-800x800.jpg 800w, https:\/\/shopchothue.com\/wp-content\/uploads\/2022\/09\/SIEU-NHAN-DEN-280x280.jpg 280w, https:\/\/shopchothue.com\/wp-content\/uploads\/2022\/09\/SIEU-NHAN-DEN-768x768.jpg 768w, https:\/\/shopchothue.com\/wp-content\/uploads\/2022\/09\/SIEU-NHAN-DEN-510x510.jpg 510w, https:\/\/shopchothue.com\/wp-content\/uploads\/2022\/09\/SIEU-NHAN-DEN-100x100.jpg 100w, https:\/\/shopchothue.com\/wp-content\/uploads\/2022\/09\/SIEU-NHAN-DEN.jpg 1200w\" sizes=\"(max-width: 400px) 100vw, 400px\" \/><\/p>\n","protected":false},"excerpt":{"rendered":"","protected":false},"featured_media":2062,"template":"","meta":[],"product_cat":[56],"product_tag":[],"_links":{"self":[{"href":"https:\/\/shopchothue.com\/index.php?rest_route=\/wp\/v2\/product\/2070"}],"collection":[{"href":"https:\/\/shopchothue.com\/index.php?rest_route=\/wp\/v2\/product"}],"about":[{"href":"https:\/\/shopchothue.com\/index.php?rest_route=\/wp\/v2\/types\/product"}],"wp:featuredmedia":[{"embeddable":true,"href":"https:\/\/shopchothue.com\/index.php?rest_route=\/wp\/v2\/media\/2062"}],"wp:attachment":[{"href":"https:\/\/shopchothue.com\/index.php?rest_route=%2Fwp%2Fv2%2Fmedia&parent=2070"}],"wp:term":[{"taxonomy":"product_cat","embeddable":true,"href":"https:\/\/shopchothue.com\/index.php?rest_route=%2Fwp%2Fv2%2Fproduct_cat&post=2070"},{"taxonomy":"product_tag","embeddable":true,"href":"https:\/\/shopchothue.com\/index.php?rest_route=%2Fwp%2Fv2%2Fproduct_tag&post=2070"}],"curies":[{"name":"wp","href":"https:\/\/api.w.org\/{rel}","templated":true}]}}