{"id":2628,"date":"2022-12-29T05:29:38","date_gmt":"2022-12-29T05:29:38","guid":{"rendered":"http:\/\/shopchothue.com\/?post_type=product&#038;p=2628"},"modified":"2025-08-28T09:07:53","modified_gmt":"2025-08-28T09:07:53","slug":"ao-dai-cach-tan-nu-54","status":"publish","type":"product","link":"https:\/\/shopchothue.com\/?product=ao-dai-cach-tan-nu-54","title":{"rendered":"\u00c1o D\u00e0i C\u00e1ch T\u00e2n N\u1eef 54"},"content":{"rendered":"<p><img loading=\"lazy\" src=\"http:\/\/shopchothue.com\/wp-content\/uploads\/2022\/12\/14c-SMLXLXXLXXXL-300x400.jpg\" alt=\"\" width=\"300\" height=\"400\" class=\"alignnone size-medium wp-image-2629\" \/\n<\/p srcset=\"https:\/\/shopchothue.com\/wp-content\/uploads\/2022\/12\/14c-SMLXLXXLXXXL-300x400.jpg 300w, https:\/\/shopchothue.com\/wp-content\/uploads\/2022\/12\/14c-SMLXLXXLXXXL-600x800.jpg 600w, https:\/\/shopchothue.com\/wp-content\/uploads\/2022\/12\/14c-SMLXLXXLXXXL-768x1024.jpg 768w, https:\/\/shopchothue.com\/wp-content\/uploads\/2022\/12\/14c-SMLXLXXLXXXL-510x680.jpg 510w, https:\/\/shopchothue.com\/wp-content\/uploads\/2022\/12\/14c-SMLXLXXLXXXL.jpg 960w\" sizes=\"(max-width: 300px) 100vw, 300px\" \/>\n","protected":false},"excerpt":{"rendered":"","protected":false},"featured_media":2629,"template":"","meta":[],"product_cat":[61],"product_tag":[],"_links":{"self":[{"href":"https:\/\/shopchothue.com\/index.php?rest_route=\/wp\/v2\/product\/2628"}],"collection":[{"href":"https:\/\/shopchothue.com\/index.php?rest_route=\/wp\/v2\/product"}],"about":[{"href":"https:\/\/shopchothue.com\/index.php?rest_route=\/wp\/v2\/types\/product"}],"wp:featuredmedia":[{"embeddable":true,"href":"https:\/\/shopchothue.com\/index.php?rest_route=\/wp\/v2\/media\/2629"}],"wp:attachment":[{"href":"https:\/\/shopchothue.com\/index.php?rest_route=%2Fwp%2Fv2%2Fmedia&parent=2628"}],"wp:term":[{"taxonomy":"product_cat","embeddable":true,"href":"https:\/\/shopchothue.com\/index.php?rest_route=%2Fwp%2Fv2%2Fproduct_cat&post=2628"},{"taxonomy":"product_tag","embeddable":true,"href":"https:\/\/shopchothue.com\/index.php?rest_route=%2Fwp%2Fv2%2Fproduct_tag&post=2628"}],"curies":[{"name":"wp","href":"https:\/\/api.w.org\/{rel}","templated":true}]}}