{"id":2640,"date":"2022-12-29T05:39:51","date_gmt":"2022-12-29T05:39:51","guid":{"rendered":"http:\/\/shopchothue.com\/?post_type=product&#038;p=2640"},"modified":"2025-08-28T09:07:19","modified_gmt":"2025-08-28T09:07:19","slug":"ao-dai-cach-tan-nu-60","status":"publish","type":"product","link":"https:\/\/shopchothue.com\/?product=ao-dai-cach-tan-nu-60","title":{"rendered":"\u00c1o D\u00e0i C\u00e1ch T\u00e2n N\u1eef 60"},"content":{"rendered":"<p><img loading=\"lazy\" src=\"http:\/\/shopchothue.com\/wp-content\/uploads\/2022\/12\/2-L-238x400.jpg\" alt=\"\" width=\"238\" height=\"400\" class=\"alignnone size-medium wp-image-2641\" srcset=\"https:\/\/shopchothue.com\/wp-content\/uploads\/2022\/12\/2-L-238x400.jpg 238w, https:\/\/shopchothue.com\/wp-content\/uploads\/2022\/12\/2-L-476x800.jpg 476w, https:\/\/shopchothue.com\/wp-content\/uploads\/2022\/12\/2-L-510x857.jpg 510w, https:\/\/shopchothue.com\/wp-content\/uploads\/2022\/12\/2-L.jpg 762w\" sizes=\"(max-width: 238px) 100vw, 238px\" \/><\/p>\n","protected":false},"excerpt":{"rendered":"","protected":false},"featured_media":2641,"template":"","meta":[],"product_cat":[60,61],"product_tag":[],"_links":{"self":[{"href":"https:\/\/shopchothue.com\/index.php?rest_route=\/wp\/v2\/product\/2640"}],"collection":[{"href":"https:\/\/shopchothue.com\/index.php?rest_route=\/wp\/v2\/product"}],"about":[{"href":"https:\/\/shopchothue.com\/index.php?rest_route=\/wp\/v2\/types\/product"}],"wp:featuredmedia":[{"embeddable":true,"href":"https:\/\/shopchothue.com\/index.php?rest_route=\/wp\/v2\/media\/2641"}],"wp:attachment":[{"href":"https:\/\/shopchothue.com\/index.php?rest_route=%2Fwp%2Fv2%2Fmedia&parent=2640"}],"wp:term":[{"taxonomy":"product_cat","embeddable":true,"href":"https:\/\/shopchothue.com\/index.php?rest_route=%2Fwp%2Fv2%2Fproduct_cat&post=2640"},{"taxonomy":"product_tag","embeddable":true,"href":"https:\/\/shopchothue.com\/index.php?rest_route=%2Fwp%2Fv2%2Fproduct_tag&post=2640"}],"curies":[{"name":"wp","href":"https:\/\/api.w.org\/{rel}","templated":true}]}}