{"id":2644,"date":"2022-12-29T05:42:13","date_gmt":"2022-12-29T05:42:13","guid":{"rendered":"http:\/\/shopchothue.com\/?post_type=product&#038;p=2644"},"modified":"2025-08-28T09:07:04","modified_gmt":"2025-08-28T09:07:04","slug":"ao-dai-cach-tan-nu-62","status":"publish","type":"product","link":"https:\/\/shopchothue.com\/?product=ao-dai-cach-tan-nu-62","title":{"rendered":"\u00c1o D\u00e0i C\u00e1ch T\u00e2n N\u1eef 62"},"content":{"rendered":"<p><img loading=\"lazy\" src=\"http:\/\/shopchothue.com\/wp-content\/uploads\/2022\/12\/L-XL-1-300x400.jpg\" alt=\"\" width=\"300\" height=\"400\" class=\"alignnone size-medium wp-image-2645\" srcset=\"https:\/\/shopchothue.com\/wp-content\/uploads\/2022\/12\/L-XL-1-300x400.jpg 300w, https:\/\/shopchothue.com\/wp-content\/uploads\/2022\/12\/L-XL-1-600x800.jpg 600w, https:\/\/shopchothue.com\/wp-content\/uploads\/2022\/12\/L-XL-1-768x1024.jpg 768w, https:\/\/shopchothue.com\/wp-content\/uploads\/2022\/12\/L-XL-1-510x680.jpg 510w, https:\/\/shopchothue.com\/wp-content\/uploads\/2022\/12\/L-XL-1.jpg 960w\" sizes=\"(max-width: 300px) 100vw, 300px\" \/><\/p>\n","protected":false},"excerpt":{"rendered":"","protected":false},"featured_media":2645,"template":"","meta":[],"product_cat":[60,61],"product_tag":[],"_links":{"self":[{"href":"https:\/\/shopchothue.com\/index.php?rest_route=\/wp\/v2\/product\/2644"}],"collection":[{"href":"https:\/\/shopchothue.com\/index.php?rest_route=\/wp\/v2\/product"}],"about":[{"href":"https:\/\/shopchothue.com\/index.php?rest_route=\/wp\/v2\/types\/product"}],"wp:featuredmedia":[{"embeddable":true,"href":"https:\/\/shopchothue.com\/index.php?rest_route=\/wp\/v2\/media\/2645"}],"wp:attachment":[{"href":"https:\/\/shopchothue.com\/index.php?rest_route=%2Fwp%2Fv2%2Fmedia&parent=2644"}],"wp:term":[{"taxonomy":"product_cat","embeddable":true,"href":"https:\/\/shopchothue.com\/index.php?rest_route=%2Fwp%2Fv2%2Fproduct_cat&post=2644"},{"taxonomy":"product_tag","embeddable":true,"href":"https:\/\/shopchothue.com\/index.php?rest_route=%2Fwp%2Fv2%2Fproduct_tag&post=2644"}],"curies":[{"name":"wp","href":"https:\/\/api.w.org\/{rel}","templated":true}]}}