{"id":2663,"date":"2022-12-29T06:41:16","date_gmt":"2022-12-29T06:41:16","guid":{"rendered":"http:\/\/shopchothue.com\/?post_type=product&#038;p=2663"},"modified":"2025-08-28T07:32:25","modified_gmt":"2025-08-28T07:32:25","slug":"ao-dai-nam-cach-tan-10-2","status":"publish","type":"product","link":"https:\/\/shopchothue.com\/?product=ao-dai-nam-cach-tan-10-2","title":{"rendered":"\u00c1o D\u00e0i Nam C\u00e1ch T\u00e2n 11"},"content":{"rendered":"<p><img loading=\"lazy\" src=\"http:\/\/shopchothue.com\/wp-content\/uploads\/2022\/12\/8-267x400.jpg\" alt=\"\" width=\"267\" height=\"400\" class=\"alignnone size-medium wp-image-2664\" srcset=\"https:\/\/shopchothue.com\/wp-content\/uploads\/2022\/12\/8-267x400.jpg 267w, https:\/\/shopchothue.com\/wp-content\/uploads\/2022\/12\/8-533x800.jpg 533w, https:\/\/shopchothue.com\/wp-content\/uploads\/2022\/12\/8-510x765.jpg 510w, https:\/\/shopchothue.com\/wp-content\/uploads\/2022\/12\/8.jpg 640w\" sizes=\"(max-width: 267px) 100vw, 267px\" \/><\/p>\n","protected":false},"excerpt":{"rendered":"","protected":false},"featured_media":2664,"template":"","meta":[],"product_cat":[60,62],"product_tag":[],"_links":{"self":[{"href":"https:\/\/shopchothue.com\/index.php?rest_route=\/wp\/v2\/product\/2663"}],"collection":[{"href":"https:\/\/shopchothue.com\/index.php?rest_route=\/wp\/v2\/product"}],"about":[{"href":"https:\/\/shopchothue.com\/index.php?rest_route=\/wp\/v2\/types\/product"}],"wp:featuredmedia":[{"embeddable":true,"href":"https:\/\/shopchothue.com\/index.php?rest_route=\/wp\/v2\/media\/2664"}],"wp:attachment":[{"href":"https:\/\/shopchothue.com\/index.php?rest_route=%2Fwp%2Fv2%2Fmedia&parent=2663"}],"wp:term":[{"taxonomy":"product_cat","embeddable":true,"href":"https:\/\/shopchothue.com\/index.php?rest_route=%2Fwp%2Fv2%2Fproduct_cat&post=2663"},{"taxonomy":"product_tag","embeddable":true,"href":"https:\/\/shopchothue.com\/index.php?rest_route=%2Fwp%2Fv2%2Fproduct_tag&post=2663"}],"curies":[{"name":"wp","href":"https:\/\/api.w.org\/{rel}","templated":true}]}}