{"id":2812,"date":"2023-04-07T11:58:38","date_gmt":"2023-04-07T11:58:38","guid":{"rendered":"http:\/\/shopchothue.com\/?post_type=product&#038;p=2812"},"modified":"2023-04-07T11:58:38","modified_gmt":"2023-04-07T11:58:38","slug":"ao-dai-trinh-dien-vang","status":"publish","type":"product","link":"https:\/\/shopchothue.com\/?product=ao-dai-trinh-dien-vang","title":{"rendered":"\u00c1o D\u00e0i Tr\u00ecnh Di\u1ec5n V\u00e0ng"},"content":{"rendered":"<p><img loading=\"lazy\" src=\"http:\/\/shopchothue.com\/wp-content\/uploads\/2023\/04\/z4242008576680_5e6903a81a2924598ad746b17baf79a5-300x400.jpg\" alt=\"\" width=\"300\" height=\"400\" class=\"alignnone size-medium wp-image-2813\" srcset=\"https:\/\/shopchothue.com\/wp-content\/uploads\/2023\/04\/z4242008576680_5e6903a81a2924598ad746b17baf79a5-300x400.jpg 300w, https:\/\/shopchothue.com\/wp-content\/uploads\/2023\/04\/z4242008576680_5e6903a81a2924598ad746b17baf79a5-600x800.jpg 600w, https:\/\/shopchothue.com\/wp-content\/uploads\/2023\/04\/z4242008576680_5e6903a81a2924598ad746b17baf79a5-768x1024.jpg 768w, https:\/\/shopchothue.com\/wp-content\/uploads\/2023\/04\/z4242008576680_5e6903a81a2924598ad746b17baf79a5-510x680.jpg 510w, https:\/\/shopchothue.com\/wp-content\/uploads\/2023\/04\/z4242008576680_5e6903a81a2924598ad746b17baf79a5.jpg 960w\" sizes=\"(max-width: 300px) 100vw, 300px\" \/><\/p>\n","protected":false},"excerpt":{"rendered":"","protected":false},"featured_media":2813,"template":"","meta":[],"product_cat":[60,61],"product_tag":[],"_links":{"self":[{"href":"https:\/\/shopchothue.com\/index.php?rest_route=\/wp\/v2\/product\/2812"}],"collection":[{"href":"https:\/\/shopchothue.com\/index.php?rest_route=\/wp\/v2\/product"}],"about":[{"href":"https:\/\/shopchothue.com\/index.php?rest_route=\/wp\/v2\/types\/product"}],"wp:featuredmedia":[{"embeddable":true,"href":"https:\/\/shopchothue.com\/index.php?rest_route=\/wp\/v2\/media\/2813"}],"wp:attachment":[{"href":"https:\/\/shopchothue.com\/index.php?rest_route=%2Fwp%2Fv2%2Fmedia&parent=2812"}],"wp:term":[{"taxonomy":"product_cat","embeddable":true,"href":"https:\/\/shopchothue.com\/index.php?rest_route=%2Fwp%2Fv2%2Fproduct_cat&post=2812"},{"taxonomy":"product_tag","embeddable":true,"href":"https:\/\/shopchothue.com\/index.php?rest_route=%2Fwp%2Fv2%2Fproduct_tag&post=2812"}],"curies":[{"name":"wp","href":"https:\/\/api.w.org\/{rel}","templated":true}]}}