{"id":4789,"date":"2023-12-21T04:32:32","date_gmt":"2023-12-21T04:32:32","guid":{"rendered":"https:\/\/shopchothue.com\/?post_type=product&#038;p=4789"},"modified":"2025-06-04T11:31:37","modified_gmt":"2025-06-04T11:31:37","slug":"ao-dai-cach-tan-123","status":"publish","type":"product","link":"https:\/\/shopchothue.com\/?product=ao-dai-cach-tan-123","title":{"rendered":"\u00c1o D\u00e0i C\u00e1ch T\u00e2n 123"},"content":{"rendered":"<p><img loading=\"lazy\" class=\"alignnone size-medium wp-image-6363\" src=\"http:\/\/shopchothue.com\/wp-content\/uploads\/2023\/12\/LOANG-6-CAI-VUA-TAY-XANH-VUA-TAY-TRANG-267x400.jpg\" alt=\"\" width=\"267\" height=\"400\" srcset=\"https:\/\/shopchothue.com\/wp-content\/uploads\/2023\/12\/LOANG-6-CAI-VUA-TAY-XANH-VUA-TAY-TRANG-267x400.jpg 267w, https:\/\/shopchothue.com\/wp-content\/uploads\/2023\/12\/LOANG-6-CAI-VUA-TAY-XANH-VUA-TAY-TRANG-534x800.jpg 534w, https:\/\/shopchothue.com\/wp-content\/uploads\/2023\/12\/LOANG-6-CAI-VUA-TAY-XANH-VUA-TAY-TRANG-768x1150.jpg 768w, https:\/\/shopchothue.com\/wp-content\/uploads\/2023\/12\/LOANG-6-CAI-VUA-TAY-XANH-VUA-TAY-TRANG-1026x1536.jpg 1026w, https:\/\/shopchothue.com\/wp-content\/uploads\/2023\/12\/LOANG-6-CAI-VUA-TAY-XANH-VUA-TAY-TRANG-510x764.jpg 510w, https:\/\/shopchothue.com\/wp-content\/uploads\/2023\/12\/LOANG-6-CAI-VUA-TAY-XANH-VUA-TAY-TRANG.jpg 1368w\" sizes=\"(max-width: 267px) 100vw, 267px\" \/><\/p>\n","protected":false},"excerpt":{"rendered":"","protected":false},"featured_media":6363,"template":"","meta":[],"product_cat":[60,61],"product_tag":[],"_links":{"self":[{"href":"https:\/\/shopchothue.com\/index.php?rest_route=\/wp\/v2\/product\/4789"}],"collection":[{"href":"https:\/\/shopchothue.com\/index.php?rest_route=\/wp\/v2\/product"}],"about":[{"href":"https:\/\/shopchothue.com\/index.php?rest_route=\/wp\/v2\/types\/product"}],"wp:featuredmedia":[{"embeddable":true,"href":"https:\/\/shopchothue.com\/index.php?rest_route=\/wp\/v2\/media\/6363"}],"wp:attachment":[{"href":"https:\/\/shopchothue.com\/index.php?rest_route=%2Fwp%2Fv2%2Fmedia&parent=4789"}],"wp:term":[{"taxonomy":"product_cat","embeddable":true,"href":"https:\/\/shopchothue.com\/index.php?rest_route=%2Fwp%2Fv2%2Fproduct_cat&post=4789"},{"taxonomy":"product_tag","embeddable":true,"href":"https:\/\/shopchothue.com\/index.php?rest_route=%2Fwp%2Fv2%2Fproduct_tag&post=4789"}],"curies":[{"name":"wp","href":"https:\/\/api.w.org\/{rel}","templated":true}]}}