{"id":4794,"date":"2023-12-21T04:35:40","date_gmt":"2023-12-21T04:35:40","guid":{"rendered":"https:\/\/shopchothue.com\/?post_type=product&#038;p=4794"},"modified":"2023-12-21T04:35:40","modified_gmt":"2023-12-21T04:35:40","slug":"ao-dai-cach-tan-126","status":"publish","type":"product","link":"https:\/\/shopchothue.com\/?product=ao-dai-cach-tan-126","title":{"rendered":"\u00c1o D\u00e0i C\u00e1ch T\u00e2n 126"},"content":{"rendered":"<p><img loading=\"lazy\" src=\"http:\/\/shopchothue.com\/wp-content\/uploads\/2023\/12\/324878445_495137606080951_4625868667958572685_n-533x400.jpg\" alt=\"\" width=\"533\" height=\"400\" class=\"alignnone size-medium wp-image-4795\" srcset=\"https:\/\/shopchothue.com\/wp-content\/uploads\/2023\/12\/324878445_495137606080951_4625868667958572685_n-533x400.jpg 533w, https:\/\/shopchothue.com\/wp-content\/uploads\/2023\/12\/324878445_495137606080951_4625868667958572685_n-768x576.jpg 768w, https:\/\/shopchothue.com\/wp-content\/uploads\/2023\/12\/324878445_495137606080951_4625868667958572685_n-510x383.jpg 510w, https:\/\/shopchothue.com\/wp-content\/uploads\/2023\/12\/324878445_495137606080951_4625868667958572685_n.jpg 1000w\" sizes=\"(max-width: 533px) 100vw, 533px\" \/><\/p>\n","protected":false},"excerpt":{"rendered":"","protected":false},"featured_media":4795,"template":"","meta":[],"product_cat":[60,61],"product_tag":[],"_links":{"self":[{"href":"https:\/\/shopchothue.com\/index.php?rest_route=\/wp\/v2\/product\/4794"}],"collection":[{"href":"https:\/\/shopchothue.com\/index.php?rest_route=\/wp\/v2\/product"}],"about":[{"href":"https:\/\/shopchothue.com\/index.php?rest_route=\/wp\/v2\/types\/product"}],"wp:featuredmedia":[{"embeddable":true,"href":"https:\/\/shopchothue.com\/index.php?rest_route=\/wp\/v2\/media\/4795"}],"wp:attachment":[{"href":"https:\/\/shopchothue.com\/index.php?rest_route=%2Fwp%2Fv2%2Fmedia&parent=4794"}],"wp:term":[{"taxonomy":"product_cat","embeddable":true,"href":"https:\/\/shopchothue.com\/index.php?rest_route=%2Fwp%2Fv2%2Fproduct_cat&post=4794"},{"taxonomy":"product_tag","embeddable":true,"href":"https:\/\/shopchothue.com\/index.php?rest_route=%2Fwp%2Fv2%2Fproduct_tag&post=4794"}],"curies":[{"name":"wp","href":"https:\/\/api.w.org\/{rel}","templated":true}]}}