{"id":4805,"date":"2023-12-21T04:41:31","date_gmt":"2023-12-21T04:41:31","guid":{"rendered":"https:\/\/shopchothue.com\/?post_type=product&#038;p=4805"},"modified":"2023-12-21T04:41:31","modified_gmt":"2023-12-21T04:41:31","slug":"ao-dai-cach-tan-131","status":"publish","type":"product","link":"https:\/\/shopchothue.com\/?product=ao-dai-cach-tan-131","title":{"rendered":"\u00c1o D\u00e0i C\u00e1ch T\u00e2n 131"},"content":{"rendered":"<p><img loading=\"lazy\" src=\"http:\/\/shopchothue.com\/wp-content\/uploads\/2023\/12\/5-AO-300x400.jpg\" alt=\"\" width=\"300\" height=\"400\" class=\"alignnone size-medium wp-image-4806\" srcset=\"https:\/\/shopchothue.com\/wp-content\/uploads\/2023\/12\/5-AO-300x400.jpg 300w, https:\/\/shopchothue.com\/wp-content\/uploads\/2023\/12\/5-AO-600x800.jpg 600w, https:\/\/shopchothue.com\/wp-content\/uploads\/2023\/12\/5-AO-768x1024.jpg 768w, https:\/\/shopchothue.com\/wp-content\/uploads\/2023\/12\/5-AO-1152x1536.jpg 1152w, https:\/\/shopchothue.com\/wp-content\/uploads\/2023\/12\/5-AO-510x680.jpg 510w, https:\/\/shopchothue.com\/wp-content\/uploads\/2023\/12\/5-AO.jpg 1536w\" sizes=\"(max-width: 300px) 100vw, 300px\" \/><\/p>\n","protected":false},"excerpt":{"rendered":"","protected":false},"featured_media":4806,"template":"","meta":[],"product_cat":[60,61],"product_tag":[],"_links":{"self":[{"href":"https:\/\/shopchothue.com\/index.php?rest_route=\/wp\/v2\/product\/4805"}],"collection":[{"href":"https:\/\/shopchothue.com\/index.php?rest_route=\/wp\/v2\/product"}],"about":[{"href":"https:\/\/shopchothue.com\/index.php?rest_route=\/wp\/v2\/types\/product"}],"wp:featuredmedia":[{"embeddable":true,"href":"https:\/\/shopchothue.com\/index.php?rest_route=\/wp\/v2\/media\/4806"}],"wp:attachment":[{"href":"https:\/\/shopchothue.com\/index.php?rest_route=%2Fwp%2Fv2%2Fmedia&parent=4805"}],"wp:term":[{"taxonomy":"product_cat","embeddable":true,"href":"https:\/\/shopchothue.com\/index.php?rest_route=%2Fwp%2Fv2%2Fproduct_cat&post=4805"},{"taxonomy":"product_tag","embeddable":true,"href":"https:\/\/shopchothue.com\/index.php?rest_route=%2Fwp%2Fv2%2Fproduct_tag&post=4805"}],"curies":[{"name":"wp","href":"https:\/\/api.w.org\/{rel}","templated":true}]}}