{"id":5244,"date":"2024-01-09T09:12:25","date_gmt":"2024-01-09T09:12:25","guid":{"rendered":"http:\/\/shopchothue.com\/?post_type=product&#038;p=5244"},"modified":"2024-01-09T09:12:26","modified_gmt":"2024-01-09T09:12:26","slug":"ao-dai-cach-tan-133","status":"publish","type":"product","link":"https:\/\/shopchothue.com\/?product=ao-dai-cach-tan-133","title":{"rendered":"\u00c1o D\u00e0i C\u00e1ch T\u00e2n 133"},"content":{"rendered":"<p><img loading=\"lazy\" src=\"http:\/\/shopchothue.com\/wp-content\/uploads\/2024\/01\/5-DO-M-L-238x400.jpg\" alt=\"\" width=\"238\" height=\"400\" class=\"alignnone size-medium wp-image-5245\" srcset=\"https:\/\/shopchothue.com\/wp-content\/uploads\/2024\/01\/5-DO-M-L-238x400.jpg 238w, https:\/\/shopchothue.com\/wp-content\/uploads\/2024\/01\/5-DO-M-L-476x800.jpg 476w, https:\/\/shopchothue.com\/wp-content\/uploads\/2024\/01\/5-DO-M-L-510x858.jpg 510w, https:\/\/shopchothue.com\/wp-content\/uploads\/2024\/01\/5-DO-M-L.jpg 616w\" sizes=\"(max-width: 238px) 100vw, 238px\" \/><\/p>\n","protected":false},"excerpt":{"rendered":"","protected":false},"featured_media":5245,"template":"","meta":[],"product_cat":[60,61],"product_tag":[],"_links":{"self":[{"href":"https:\/\/shopchothue.com\/index.php?rest_route=\/wp\/v2\/product\/5244"}],"collection":[{"href":"https:\/\/shopchothue.com\/index.php?rest_route=\/wp\/v2\/product"}],"about":[{"href":"https:\/\/shopchothue.com\/index.php?rest_route=\/wp\/v2\/types\/product"}],"wp:featuredmedia":[{"embeddable":true,"href":"https:\/\/shopchothue.com\/index.php?rest_route=\/wp\/v2\/media\/5245"}],"wp:attachment":[{"href":"https:\/\/shopchothue.com\/index.php?rest_route=%2Fwp%2Fv2%2Fmedia&parent=5244"}],"wp:term":[{"taxonomy":"product_cat","embeddable":true,"href":"https:\/\/shopchothue.com\/index.php?rest_route=%2Fwp%2Fv2%2Fproduct_cat&post=5244"},{"taxonomy":"product_tag","embeddable":true,"href":"https:\/\/shopchothue.com\/index.php?rest_route=%2Fwp%2Fv2%2Fproduct_tag&post=5244"}],"curies":[{"name":"wp","href":"https:\/\/api.w.org\/{rel}","templated":true}]}}