{"id":5252,"date":"2024-01-09T09:17:36","date_gmt":"2024-01-09T09:17:36","guid":{"rendered":"http:\/\/shopchothue.com\/?post_type=product&#038;p=5252"},"modified":"2024-01-09T09:17:37","modified_gmt":"2024-01-09T09:17:37","slug":"ao-dai-cach-tan-137","status":"publish","type":"product","link":"https:\/\/shopchothue.com\/?product=ao-dai-cach-tan-137","title":{"rendered":"\u00c1o D\u00e0i C\u00e1ch T\u00e2n 137"},"content":{"rendered":"<p><img loading=\"lazy\" src=\"http:\/\/shopchothue.com\/wp-content\/uploads\/2024\/01\/16-AO.-300x400.jpg\" alt=\"\" width=\"300\" height=\"400\" class=\"alignnone size-medium wp-image-5253\" srcset=\"https:\/\/shopchothue.com\/wp-content\/uploads\/2024\/01\/16-AO.-300x400.jpg 300w, https:\/\/shopchothue.com\/wp-content\/uploads\/2024\/01\/16-AO.-600x800.jpg 600w, https:\/\/shopchothue.com\/wp-content\/uploads\/2024\/01\/16-AO.-768x1024.jpg 768w, https:\/\/shopchothue.com\/wp-content\/uploads\/2024\/01\/16-AO.-510x680.jpg 510w, https:\/\/shopchothue.com\/wp-content\/uploads\/2024\/01\/16-AO..jpg 960w\" sizes=\"(max-width: 300px) 100vw, 300px\" \/><\/p>\n","protected":false},"excerpt":{"rendered":"","protected":false},"featured_media":5253,"template":"","meta":[],"product_cat":[60,61],"product_tag":[],"_links":{"self":[{"href":"https:\/\/shopchothue.com\/index.php?rest_route=\/wp\/v2\/product\/5252"}],"collection":[{"href":"https:\/\/shopchothue.com\/index.php?rest_route=\/wp\/v2\/product"}],"about":[{"href":"https:\/\/shopchothue.com\/index.php?rest_route=\/wp\/v2\/types\/product"}],"wp:featuredmedia":[{"embeddable":true,"href":"https:\/\/shopchothue.com\/index.php?rest_route=\/wp\/v2\/media\/5253"}],"wp:attachment":[{"href":"https:\/\/shopchothue.com\/index.php?rest_route=%2Fwp%2Fv2%2Fmedia&parent=5252"}],"wp:term":[{"taxonomy":"product_cat","embeddable":true,"href":"https:\/\/shopchothue.com\/index.php?rest_route=%2Fwp%2Fv2%2Fproduct_cat&post=5252"},{"taxonomy":"product_tag","embeddable":true,"href":"https:\/\/shopchothue.com\/index.php?rest_route=%2Fwp%2Fv2%2Fproduct_tag&post=5252"}],"curies":[{"name":"wp","href":"https:\/\/api.w.org\/{rel}","templated":true}]}}