{"id":6020,"date":"2024-05-08T02:41:06","date_gmt":"2024-05-08T02:41:06","guid":{"rendered":"https:\/\/shopchothue.com\/?post_type=product&#038;p=6020"},"modified":"2024-10-03T01:46:36","modified_gmt":"2024-10-03T01:46:36","slug":"6020","status":"publish","type":"product","link":"https:\/\/shopchothue.com\/?product=6020","title":{"rendered":"\u00c1o D\u00e0i C\u00e1ch T\u00e2n N\u1eef 139"},"content":{"rendered":"<p><img loading=\"lazy\" src=\"http:\/\/shopchothue.com\/wp-content\/uploads\/2024\/05\/16-nu-10-nam-800x370.jpg\" alt=\"\" width=\"800\" height=\"370\" class=\"alignnone size-medium wp-image-6021\" srcset=\"https:\/\/shopchothue.com\/wp-content\/uploads\/2024\/05\/16-nu-10-nam-800x370.jpg 800w, https:\/\/shopchothue.com\/wp-content\/uploads\/2024\/05\/16-nu-10-nam-1400x647.jpg 1400w, https:\/\/shopchothue.com\/wp-content\/uploads\/2024\/05\/16-nu-10-nam-768x355.jpg 768w, https:\/\/shopchothue.com\/wp-content\/uploads\/2024\/05\/16-nu-10-nam-1536x710.jpg 1536w, https:\/\/shopchothue.com\/wp-content\/uploads\/2024\/05\/16-nu-10-nam-2048x946.jpg 2048w, https:\/\/shopchothue.com\/wp-content\/uploads\/2024\/05\/16-nu-10-nam-510x236.jpg 510w\" sizes=\"(max-width: 800px) 100vw, 800px\" \/><\/p>\n","protected":false},"excerpt":{"rendered":"","protected":false},"featured_media":6021,"template":"","meta":[],"product_cat":[63,62,61],"product_tag":[],"_links":{"self":[{"href":"https:\/\/shopchothue.com\/index.php?rest_route=\/wp\/v2\/product\/6020"}],"collection":[{"href":"https:\/\/shopchothue.com\/index.php?rest_route=\/wp\/v2\/product"}],"about":[{"href":"https:\/\/shopchothue.com\/index.php?rest_route=\/wp\/v2\/types\/product"}],"wp:featuredmedia":[{"embeddable":true,"href":"https:\/\/shopchothue.com\/index.php?rest_route=\/wp\/v2\/media\/6021"}],"wp:attachment":[{"href":"https:\/\/shopchothue.com\/index.php?rest_route=%2Fwp%2Fv2%2Fmedia&parent=6020"}],"wp:term":[{"taxonomy":"product_cat","embeddable":true,"href":"https:\/\/shopchothue.com\/index.php?rest_route=%2Fwp%2Fv2%2Fproduct_cat&post=6020"},{"taxonomy":"product_tag","embeddable":true,"href":"https:\/\/shopchothue.com\/index.php?rest_route=%2Fwp%2Fv2%2Fproduct_tag&post=6020"}],"curies":[{"name":"wp","href":"https:\/\/api.w.org\/{rel}","templated":true}]}}